{"id":6530,"date":"2024-10-17T18:10:24","date_gmt":"2024-10-17T16:10:24","guid":{"rendered":"https:\/\/awards.onecreation.org\/apply-2024\/"},"modified":"2024-10-17T18:18:25","modified_gmt":"2024-10-17T16:18:25","slug":"inscription-2024","status":"publish","type":"page","link":"https:\/\/awards.onecreation.org\/fr\/inscription-2024\/","title":{"rendered":"Inscription 2024"},"content":{"rendered":"<div class=\"gb-container gb-container-586ce23e alignfull\"><div class=\"gb-inside-container\">\n\n<h1 class=\"gb-headline gb-headline-77539685 gb-headline-text\">Inscription<\/h1>\n\n<\/div><\/div>\n\n<div class=\"gb-grid-wrapper gb-grid-wrapper-b122af5f\">\n<div class=\"gb-grid-column gb-grid-column-b6bb9f4f\"><div class=\"gb-container gb-container-b6bb9f4f\"><div class=\"gb-inside-container\">\n\n<p>Pour participer au Prix de l&rsquo;innovation environnementale, veuillez soumettre votre candidature via le formulaire en ligne en r\u00e9pondant soigneusement \u00e0 chaque question. Nous vous serions \u00e9galement reconnaissants de t\u00e9l\u00e9charger une courte vid\u00e9o de pr\u00e9sentation de votre entreprise d&rsquo;une dur\u00e9e maximale de 2 minutes. Cela permettra \u00e0 votre candidature d&rsquo;avoir les meilleures chances d&rsquo;\u00eatre s\u00e9lectionn\u00e9e.&nbsp;<\/p>\n\n\n\n<p>La date limite de soumission des candidatures est le 16&nbsp;octobre 2024.&nbsp;&nbsp;<\/p>\n\n<\/div><\/div><\/div>\n\n<div class=\"gb-grid-column gb-grid-column-04a75274\"><div class=\"gb-container gb-container-04a75274\"><div class=\"gb-inside-container\">\n<div class=\"frm_forms  with_frm_style frm_style_style-formidable-2\" id=\"frm_form_4_container\" data-token=\"249c438f322666c1fbb7b333837e765a\">\n<form enctype=\"multipart\/form-data\" method=\"post\" class=\"frm-show-form  frm_pro_form \" id=\"form_apply2\" data-token=\"249c438f322666c1fbb7b333837e765a\">\n<div class=\"frm_form_fields  frm_page_num_1\">\n<fieldset>\n<legend class=\"frm_screen_reader\">Inscription<\/legend>\r\n\r\n<div class=\"frm_fields_container\">\n<input type=\"hidden\" name=\"frm_action\" value=\"create\" \/>\n<input type=\"hidden\" name=\"form_id\" value=\"4\" \/>\n<input type=\"hidden\" name=\"frm_hide_fields_4\" id=\"frm_hide_fields_4\" value=\"\" \/>\n<input type=\"hidden\" name=\"form_key\" value=\"apply2\" \/>\n<input type=\"hidden\" name=\"item_meta[0]\" value=\"\" \/>\n<input type=\"hidden\" id=\"frm_submit_entry_4\" name=\"frm_submit_entry_4\" value=\"611a21c607\" \/><input type=\"hidden\" name=\"_wp_http_referer\" value=\"\/fr\/wp-json\/wp\/v2\/pages\/6530\" \/><div id=\"frm_field_102_container\" class=\"frm_form_field form-field  frm_required_field frm_top_container frm12 frm_first\">\r\n    <label for=\"field_f8m6r\" id=\"field_f8m6r_label\" class=\"frm_primary_label\">Quel est le nom de votre entreprise ? \r\n        <span class=\"frm_required\" aria-hidden=\"true\">*<\/span>\r\n    <\/label>\r\n    <input  type=\"text\" id=\"field_f8m6r\" name=\"item_meta[102]\" value=\"\"  data-reqmsg=\"Quel est le nom de votre entreprise ?  cannot be blank.\" aria-required=\"true\" data-invmsg=\"texte est non valide\" aria-invalid=\"false\"   \/>\r\n    \r\n    \r\n<\/div>\n<div id=\"frm_field_103_container\" class=\"frm_form_field form-field  frm_top_container frm12 frm_first\">\r\n    <label for=\"field_3l33d\" id=\"field_3l33d_label\" class=\"frm_primary_label\">D\u00e9crivez bri\u00e8vement l&rsquo;activit\u00e9 et l&rsquo;offre de votre entreprise. \r\n        <span class=\"frm_required\" aria-hidden=\"true\"><\/span>\r\n    <\/label>\r\n    <textarea name=\"item_meta[103]\" id=\"field_3l33d\" rows=\"5\"  data-invmsg=\"D\u00e9crivez bri\u00e8vement l&#039;activit\u00e9 et l&#039;offre de votre entreprise.  is invalid\" aria-invalid=\"false\"  ><\/textarea>\r\n    \r\n    \r\n<\/div>\n<div id=\"frm_field_104_container\" class=\"frm_form_field form-field  frm_top_container frm12 frm_first\">\r\n    <label for=\"field_21vof\" id=\"field_21vof_label\" class=\"frm_primary_label\">D\u00e9crivez bri\u00e8vement votre USP et votre avantage concurrentiel IP. \r\n        <span class=\"frm_required\" aria-hidden=\"true\"><\/span>\r\n    <\/label>\r\n    <textarea name=\"item_meta[104]\" id=\"field_21vof\" rows=\"5\"  data-invmsg=\"D\u00e9crivez bri\u00e8vement votre USP et votre avantage concurrentiel IP.  est non valide\" aria-invalid=\"false\"  ><\/textarea>\r\n    \r\n    \r\n<\/div>\n<input type=\"hidden\" name=\"frm_page_order_4\" id=\"frm_page_order_4\" value=\"8\" \/>\t\t<input  type=\"hidden\" name=\"item_meta[106]\" id=\"field_2ntml\" value=\"\"     \/>\n\t\t\t\t<input  type=\"hidden\" name=\"item_meta[107]\" id=\"field_93sf6\" value=\"\"     \/>\n\t\t\t\t<input  type=\"hidden\" name=\"item_meta[108]\" id=\"field_adhiy\" value=\"\"     \/>\n\t\t\t\t<input  type=\"hidden\" name=\"item_meta[109]\" id=\"field_aff2j\" value=\"\"     \/>\n\t\t\t\t<input  type=\"hidden\" name=\"item_meta[110]\" id=\"field_70sey\" value=\"\"     \/>\n\t\t\t\t<input  type=\"hidden\" name=\"item_meta[111]\" id=\"field_5dxy0\" value=\"\"     \/>\n\t\t\t\t<input  type=\"hidden\" name=\"item_meta[112]\" id=\"field_9li3p2\" value=\"\"     \/>\n\t\t\t\t<input  type=\"hidden\" name=\"item_meta[114]\" id=\"field_kvq92\" value=\"\"     \/>\n\t\t\t\t<input  type=\"hidden\" name=\"item_meta[115]\" id=\"field_fnn9i2-0\" value=\"\"     \/>\n\t\t\t\t<input  type=\"hidden\" name=\"item_meta[116]\" id=\"field_d5uq52-0\" value=\"\"     \/>\n\t\t\t\t<input  type=\"hidden\" name=\"item_meta[117]\" id=\"field_r8oat2-0\" value=\"\"     \/>\n\t\t\t\t<input  type=\"hidden\" name=\"item_meta[118]\" id=\"field_uqgwu2-0\" value=\"\"     \/>\n\t\t\t\t<input  type=\"hidden\" name=\"item_meta[119]\" id=\"field_qtbsr2-0\" value=\"\"     \/>\n\t\t\t\t<input  type=\"hidden\" name=\"item_meta[120]\" id=\"field_2tv1e2-0\" value=\"\"     \/>\n\t\t\t\t<input  type=\"hidden\" name=\"item_meta[121]\" id=\"field_hzy3y2-0\" value=\"\"     \/>\n\t\t\t\t<input  type=\"hidden\" name=\"item_meta[122]\" id=\"field_t4nbi2-0\" value=\"\"     \/>\n\t\t\t\t<input  type=\"hidden\" name=\"item_meta[123]\" id=\"field_whidd2-0\" value=\"\"     \/>\n\t\t\t\t<input  type=\"hidden\" name=\"item_meta[125]\" id=\"field_3ebus2-0\" value=\"\"     \/>\n\t\t\t\t<input  type=\"hidden\" name=\"item_meta[126]\" id=\"field_ra2xy2-0\" value=\"\"     \/>\n\t\t\t\t<input  type=\"hidden\" name=\"item_meta[124]\" id=\"field_fzler2-0\" value=\"\"     \/>\n\t\t\t\t<input  type=\"hidden\" name=\"item_meta[127]\" id=\"field_80d2g2-0\" value=\"\"     \/>\n\t\t\t\t<input  type=\"hidden\" name=\"item_meta[128]\" id=\"field_i1hah2-0\" value=\"\"     \/>\n\t\t\t\t<input  type=\"hidden\" name=\"item_meta[129]\" id=\"field_wu01-0\" value=\"\"     \/>\n\t\t\t\t<input  type=\"hidden\" name=\"item_meta[130]\" id=\"field_dkliy2-0\" value=\"\"     \/>\n\t\t\t\t<input  type=\"hidden\" name=\"item_meta[131]\" id=\"field_x13yu2-0\" value=\"\"     \/>\n\t\t\t\t<input  type=\"hidden\" name=\"item_meta[132]\" id=\"field_3uzg\" value=\"\"     \/>\n\t\t\t\t<input  type=\"hidden\" name=\"item_meta[133]\" id=\"field_dusuu2\" value=\"\"     \/>\n\t\t\t\t<input  type=\"hidden\" name=\"item_meta[134]\" id=\"field_li3r12\" value=\"\"     \/>\n\t\t\t\t<input  type=\"hidden\" name=\"item_meta[135]\" id=\"field_lyfcf2-0\" value=\"\"  data-sectionid=\"134\"     \/>\n\t\t\t\t<input  type=\"hidden\" name=\"item_meta[136]\" id=\"field_elgjd2\" value=\"\"  data-sectionid=\"134\"     \/>\n\t\t\t\t<input  type=\"hidden\" name=\"item_meta[137]\" id=\"field_xgz5x2\" value=\"\"     \/>\n\t\t\t\t<input  type=\"hidden\" name=\"item_meta[138]\" id=\"field_jap272\" value=\"\"     \/>\n\t\t\t\t<input  type=\"hidden\" name=\"item_meta[140]\" id=\"field_6e8v72-0\" value=\"\"  data-sectionid=\"138\"     \/>\n\t\t\t\t<input  type=\"hidden\" name=\"item_meta[141]\" id=\"field_ptq6i2-0\" value=\"\"  data-sectionid=\"138\"     \/>\n\t\t\t\t<input  type=\"hidden\" name=\"item_meta[142]\" id=\"field_dj2l92-0\" value=\"\"  data-sectionid=\"138\"     \/>\n\t\t\t\t<input  type=\"hidden\" name=\"item_meta[143]\" id=\"field_w1kok2-0\" value=\"\"  data-sectionid=\"138\"     \/>\n\t\t\t\t<input  type=\"hidden\" name=\"item_meta[144]\" id=\"field_ulev72-0\" value=\"\"  data-sectionid=\"138\"     \/>\n\t\t\t\t<input  type=\"hidden\" name=\"item_meta[145]\" id=\"field_1or2w2-0\" value=\"\"  data-sectionid=\"138\"     \/>\n\t\t\t\t<input  type=\"hidden\" name=\"item_meta[146]\" id=\"field_oyd02\" value=\"\"  data-sectionid=\"138\"     \/>\n\t\t\t\t<input  type=\"hidden\" name=\"item_meta[147]\" id=\"field_bzq832\" value=\"\"     \/>\n\t\t\t\t<input  type=\"hidden\" name=\"item_meta[148]\" id=\"field_65hgd2\" value=\"\"     \/>\n\t\t\t\t<input  type=\"hidden\" name=\"item_meta[149]\" id=\"field_g2m632\" value=\"\"     \/>\n\t\t\t\t<input  type=\"hidden\" name=\"item_meta[151]\" id=\"field_xsghu2-0\" value=\"\"  data-sectionid=\"149\"     \/>\n\t\t\t\t<input  type=\"hidden\" name=\"item_meta[152]\" id=\"field_1xa0j2-0\" value=\"\"  data-sectionid=\"149\"     \/>\n\t\t\t\t<input  type=\"hidden\" name=\"item_meta[153]\" id=\"field_sygih2-0\" value=\"\"  data-sectionid=\"149\"     \/>\n\t\t\t\t<input  type=\"hidden\" name=\"item_meta[154]\" id=\"field_3vb812-0\" value=\"\"  data-sectionid=\"149\"     \/>\n\t\t\t\t<input  type=\"hidden\" name=\"item_meta[155]\" id=\"field_4wuwn2-0\" value=\"\"  data-sectionid=\"149\"     \/>\n\t\t\t\t<input  type=\"hidden\" name=\"item_meta[156]\" id=\"field_hegj-0\" value=\"\"  data-sectionid=\"149\"     \/>\n\t\t\t\t<input  type=\"hidden\" name=\"item_meta[157]\" id=\"field_3317a2-0\" value=\"\"  data-sectionid=\"149\"     \/>\n\t\t\t\t<input  type=\"hidden\" name=\"item_meta[158]\" id=\"field_sh2z92-0\" value=\"\"  data-sectionid=\"149\"     \/>\n\t\t\t\t<input  type=\"hidden\" name=\"item_meta[159]\" id=\"field_g41fe2-0\" value=\"\"  data-sectionid=\"149\"     \/>\n\t\t\t\t<input  type=\"hidden\" name=\"item_meta[160]\" id=\"field_b97uv2\" value=\"\"  data-sectionid=\"149\"     \/>\n\t\t\t\t<input  type=\"hidden\" name=\"item_meta[161]\" id=\"field_wjg5l2\" value=\"\"     \/>\n\t\t\t\t<input  type=\"hidden\" name=\"item_meta[162]\" id=\"field_igtno2\" value=\"\"     \/>\n\t\t\t\t<input  type=\"hidden\" name=\"item_meta[163]\" id=\"field_9bc26\" value=\"\"     \/>\n\t\t\t\t<input  type=\"hidden\" name=\"item_meta[164]\" id=\"field_j4vig\" value=\"\"     \/>\n\t\t\t\t<input  type=\"hidden\" name=\"item_meta[165]\" id=\"field_q4ofi\" value=\"\"     \/>\n\t\t\t\t<input  type=\"hidden\" name=\"item_meta[166]\" id=\"field_okyfo\" value=\"\"     \/>\n\t\t\t\t<input  type=\"hidden\" name=\"item_meta[167]\" id=\"field_rmetv\" value=\"\"     \/>\n\t\t\t\t<input  type=\"hidden\" name=\"item_meta[168]\" id=\"field_8y7g6\" value=\"\"     \/>\n\t\t\t\t<input  type=\"hidden\" name=\"item_meta[169]\" id=\"field_r596x\" value=\"\"     \/>\n\t\t\t\t<input  type=\"hidden\" name=\"item_meta[170]\" id=\"field_a3p2r\" value=\"\"     \/>\n\t\t\t\t<input  type=\"hidden\" name=\"item_meta[171]\" id=\"field_k90tj-0\" value=\"\"     \/>\n\t\t\t\t<input  type=\"hidden\" name=\"item_meta[172]\" id=\"field_5ag8l2-0\" value=\"\"     \/>\n\t\t\t\t<input  type=\"hidden\" name=\"item_meta[173]\" id=\"field_t72tf-0\" value=\"\"     \/>\n\t\t\t\t<input  type=\"hidden\" name=\"item_meta[174]\" id=\"field_tpow92-0\" value=\"\"     \/>\n\t\t\t\t<input  type=\"hidden\" name=\"item_meta[175]\" id=\"field_h8w01\" value=\"\"     \/>\n\t\t\t\t<input  type=\"hidden\" name=\"item_meta[176]\" id=\"field_m5q4y\" value=\"\"     \/>\n\t\t\t\t<input  type=\"hidden\" name=\"item_meta[177]\" id=\"field_ar8zs\" value=\"\"     \/>\n\t\t\t\t<input  type=\"hidden\" name=\"item_meta[178]\" id=\"field_tz3i7\" value=\"\"     \/>\n\t\t\t\t<input  type=\"hidden\" name=\"item_meta[179]\" id=\"field_p71vi\" value=\"\"     \/>\n\t\t\t\t<input  type=\"hidden\" name=\"item_meta[180]\" id=\"field_difql\" value=\"\"     \/>\n\t\t\t\t<input  type=\"hidden\" name=\"item_meta[181]\" id=\"field_xcexv\" value=\"\"     \/>\n\t\t\t\t<input  type=\"hidden\" name=\"item_meta[182]\" id=\"field_zqy8z\" value=\"\"     \/>\n\t\t\t\t<input  type=\"hidden\" name=\"item_meta[183]\" id=\"field_mcc3c2\" value=\"\"     \/>\n\t\t\t\t<input  type=\"hidden\" name=\"item_meta[184]\" id=\"field_zuyej-0\" value=\"\"     \/>\n\t\t\t\t<input  type=\"hidden\" name=\"item_meta[185]\" id=\"field_ng5pz\" value=\"\"     \/>\n\t\t\t\t<input  type=\"hidden\" name=\"item_meta[188]\" id=\"field_rve7m\" value=\"\"     \/>\n\t\t\t<input type=\"hidden\" name=\"item_key\" value=\"\" \/>\n\t\t\t<div id=\"frm_field_190_container\">\n\t\t\t<label for=\"field_y3ssc\" >\n\t\t\t\tSi vous \u00eates un humain, ne remplissez pas ce champ.\t\t\t<\/label>\n\t\t\t<input  id=\"field_y3ssc\" type=\"text\" class=\"frm_form_field form-field frm_verify\" name=\"item_meta[190]\" value=\"\"  \/>\n\t\t<\/div>\n\t\t<input name=\"frm_state\" type=\"hidden\" value=\"5EjrLmwNqwGJhU8TmKGfMhHhRdK6kkHyfpZclkpaI4lkLc\/doTtZWptqmxJk4ejC\" \/><div class=\"frm_submit\">\r\n\r\n<button class=\"frm_button_submit\" type=\"submit\"  >Suivant<\/button>\r\n\r\n<\/div><\/div>\n<\/fieldset>\n<\/div>\n\n<\/form>\n<\/div>\n\n<\/div><\/div><\/div>\n<\/div>\n\n\n<div style=\"height:100px\" aria-hidden=\"true\" class=\"wp-block-spacer\"><\/div>\n","protected":false},"excerpt":{"rendered":"<p>Inscription<\/p>\n","protected":false},"author":1,"featured_media":0,"parent":0,"menu_order":0,"comment_status":"closed","ping_status":"closed","template":"","meta":{"inline_featured_image":false,"advgb_blocks_editor_width":"","advgb_blocks_columns_visual_guide":"","footnotes":""},"class_list":["post-6530","page","type-page","status-publish"],"yoast_head":"<!-- This site is optimized with the Yoast SEO plugin v27.3 - https:\/\/yoast.com\/product\/yoast-seo-wordpress\/ -->\n<title>Inscription 2024 - Awards ONE CREATION<\/title>\n<meta name=\"robots\" content=\"index, follow, max-snippet:-1, max-image-preview:large, max-video-preview:-1\" \/>\n<link rel=\"canonical\" href=\"https:\/\/awards.onecreation.org\/fr\/inscription-2024\/\" \/>\n<meta property=\"og:locale\" content=\"fr_FR\" \/>\n<meta property=\"og:type\" content=\"article\" \/>\n<meta property=\"og:title\" content=\"Inscription 2024 - Awards ONE CREATION\" \/>\n<meta property=\"og:description\" content=\"Inscription\" \/>\n<meta property=\"og:url\" content=\"https:\/\/awards.onecreation.org\/fr\/inscription-2024\/\" \/>\n<meta property=\"og:site_name\" content=\"Awards ONE CREATION\" \/>\n<meta property=\"article:modified_time\" content=\"2024-10-17T16:18:25+00:00\" \/>\n<meta name=\"twitter:card\" content=\"summary_large_image\" \/>\n<meta name=\"twitter:label1\" content=\"Dur\u00e9e de lecture estim\u00e9e\" \/>\n\t<meta name=\"twitter:data1\" content=\"1 minute\" \/>\n<script type=\"application\/ld+json\" class=\"yoast-schema-graph\">{\"@context\":\"https:\\\/\\\/schema.org\",\"@graph\":[{\"@type\":\"WebPage\",\"@id\":\"https:\\\/\\\/awards.onecreation.org\\\/fr\\\/inscription-2024\\\/\",\"url\":\"https:\\\/\\\/awards.onecreation.org\\\/fr\\\/inscription-2024\\\/\",\"name\":\"Inscription 2024 - Awards ONE CREATION\",\"isPartOf\":{\"@id\":\"https:\\\/\\\/awards.onecreation.org\\\/#website\"},\"datePublished\":\"2024-10-17T16:10:24+00:00\",\"dateModified\":\"2024-10-17T16:18:25+00:00\",\"breadcrumb\":{\"@id\":\"https:\\\/\\\/awards.onecreation.org\\\/fr\\\/inscription-2024\\\/#breadcrumb\"},\"inLanguage\":\"fr-FR\",\"potentialAction\":[{\"@type\":\"ReadAction\",\"target\":[\"https:\\\/\\\/awards.onecreation.org\\\/fr\\\/inscription-2024\\\/\"]}]},{\"@type\":\"BreadcrumbList\",\"@id\":\"https:\\\/\\\/awards.onecreation.org\\\/fr\\\/inscription-2024\\\/#breadcrumb\",\"itemListElement\":[{\"@type\":\"ListItem\",\"position\":1,\"name\":\"Home\",\"item\":\"https:\\\/\\\/awards.onecreation.org\\\/fr\\\/\"},{\"@type\":\"ListItem\",\"position\":2,\"name\":\"Inscription 2024\"}]},{\"@type\":\"WebSite\",\"@id\":\"https:\\\/\\\/awards.onecreation.org\\\/#website\",\"url\":\"https:\\\/\\\/awards.onecreation.org\\\/\",\"name\":\"Awards ONE CREATION\",\"description\":\"Environmental Innovation Awards\",\"publisher\":{\"@id\":\"https:\\\/\\\/awards.onecreation.org\\\/#organization\"},\"potentialAction\":[{\"@type\":\"SearchAction\",\"target\":{\"@type\":\"EntryPoint\",\"urlTemplate\":\"https:\\\/\\\/awards.onecreation.org\\\/?s={search_term_string}\"},\"query-input\":{\"@type\":\"PropertyValueSpecification\",\"valueRequired\":true,\"valueName\":\"search_term_string\"}}],\"inLanguage\":\"fr-FR\"},{\"@type\":\"Organization\",\"@id\":\"https:\\\/\\\/awards.onecreation.org\\\/#organization\",\"name\":\"Awards ONE CREATION\",\"url\":\"https:\\\/\\\/awards.onecreation.org\\\/\",\"logo\":{\"@type\":\"ImageObject\",\"inLanguage\":\"fr-FR\",\"@id\":\"https:\\\/\\\/awards.onecreation.org\\\/#\\\/schema\\\/logo\\\/image\\\/\",\"url\":\"https:\\\/\\\/awards.onecreation.org\\\/wp-content\\\/uploads\\\/2022\\\/06\\\/logo-awards-oc-blancbleu.svg\",\"contentUrl\":\"https:\\\/\\\/awards.onecreation.org\\\/wp-content\\\/uploads\\\/2022\\\/06\\\/logo-awards-oc-blancbleu.svg\",\"caption\":\"Awards ONE CREATION\"},\"image\":{\"@id\":\"https:\\\/\\\/awards.onecreation.org\\\/#\\\/schema\\\/logo\\\/image\\\/\"}}]}<\/script>\n<!-- \/ Yoast SEO plugin. -->","yoast_head_json":{"title":"Inscription 2024 - Awards ONE CREATION","robots":{"index":"index","follow":"follow","max-snippet":"max-snippet:-1","max-image-preview":"max-image-preview:large","max-video-preview":"max-video-preview:-1"},"canonical":"https:\/\/awards.onecreation.org\/fr\/inscription-2024\/","og_locale":"fr_FR","og_type":"article","og_title":"Inscription 2024 - Awards ONE CREATION","og_description":"Inscription","og_url":"https:\/\/awards.onecreation.org\/fr\/inscription-2024\/","og_site_name":"Awards ONE CREATION","article_modified_time":"2024-10-17T16:18:25+00:00","twitter_card":"summary_large_image","twitter_misc":{"Dur\u00e9e de lecture estim\u00e9e":"1 minute"},"schema":{"@context":"https:\/\/schema.org","@graph":[{"@type":"WebPage","@id":"https:\/\/awards.onecreation.org\/fr\/inscription-2024\/","url":"https:\/\/awards.onecreation.org\/fr\/inscription-2024\/","name":"Inscription 2024 - Awards ONE CREATION","isPartOf":{"@id":"https:\/\/awards.onecreation.org\/#website"},"datePublished":"2024-10-17T16:10:24+00:00","dateModified":"2024-10-17T16:18:25+00:00","breadcrumb":{"@id":"https:\/\/awards.onecreation.org\/fr\/inscription-2024\/#breadcrumb"},"inLanguage":"fr-FR","potentialAction":[{"@type":"ReadAction","target":["https:\/\/awards.onecreation.org\/fr\/inscription-2024\/"]}]},{"@type":"BreadcrumbList","@id":"https:\/\/awards.onecreation.org\/fr\/inscription-2024\/#breadcrumb","itemListElement":[{"@type":"ListItem","position":1,"name":"Home","item":"https:\/\/awards.onecreation.org\/fr\/"},{"@type":"ListItem","position":2,"name":"Inscription 2024"}]},{"@type":"WebSite","@id":"https:\/\/awards.onecreation.org\/#website","url":"https:\/\/awards.onecreation.org\/","name":"Awards ONE CREATION","description":"Environmental Innovation Awards","publisher":{"@id":"https:\/\/awards.onecreation.org\/#organization"},"potentialAction":[{"@type":"SearchAction","target":{"@type":"EntryPoint","urlTemplate":"https:\/\/awards.onecreation.org\/?s={search_term_string}"},"query-input":{"@type":"PropertyValueSpecification","valueRequired":true,"valueName":"search_term_string"}}],"inLanguage":"fr-FR"},{"@type":"Organization","@id":"https:\/\/awards.onecreation.org\/#organization","name":"Awards ONE CREATION","url":"https:\/\/awards.onecreation.org\/","logo":{"@type":"ImageObject","inLanguage":"fr-FR","@id":"https:\/\/awards.onecreation.org\/#\/schema\/logo\/image\/","url":"https:\/\/awards.onecreation.org\/wp-content\/uploads\/2022\/06\/logo-awards-oc-blancbleu.svg","contentUrl":"https:\/\/awards.onecreation.org\/wp-content\/uploads\/2022\/06\/logo-awards-oc-blancbleu.svg","caption":"Awards ONE CREATION"},"image":{"@id":"https:\/\/awards.onecreation.org\/#\/schema\/logo\/image\/"}}]}},"coauthors":[],"author_meta":{"author_link":"https:\/\/awards.onecreation.org\/fr\/author\/marie\/","display_name":"marie"},"relative_dates":{"created":"Publi\u00e9 2 ans il y a","modified":"Mis \u00e0 jour 2 ans il y a"},"absolute_dates":{"created":"Publi\u00e9 le 17 octobre 2024","modified":"Mise \u00e0 jour le 17 octobre 2024"},"absolute_dates_time":{"created":"Publi\u00e9 le 17 octobre 2024 18h10","modified":"Mise \u00e0 jour le 17 octobre 2024 18h18"},"featured_img_caption":"","featured_img":false,"series_order":"","_links":{"self":[{"href":"https:\/\/awards.onecreation.org\/fr\/wp-json\/wp\/v2\/pages\/6530","targetHints":{"allow":["GET"]}}],"collection":[{"href":"https:\/\/awards.onecreation.org\/fr\/wp-json\/wp\/v2\/pages"}],"about":[{"href":"https:\/\/awards.onecreation.org\/fr\/wp-json\/wp\/v2\/types\/page"}],"author":[{"embeddable":true,"href":"https:\/\/awards.onecreation.org\/fr\/wp-json\/wp\/v2\/users\/1"}],"replies":[{"embeddable":true,"href":"https:\/\/awards.onecreation.org\/fr\/wp-json\/wp\/v2\/comments?post=6530"}],"version-history":[{"count":1,"href":"https:\/\/awards.onecreation.org\/fr\/wp-json\/wp\/v2\/pages\/6530\/revisions"}],"predecessor-version":[{"id":6531,"href":"https:\/\/awards.onecreation.org\/fr\/wp-json\/wp\/v2\/pages\/6530\/revisions\/6531"}],"wp:attachment":[{"href":"https:\/\/awards.onecreation.org\/fr\/wp-json\/wp\/v2\/media?parent=6530"}],"curies":[{"name":"wp","href":"https:\/\/api.w.org\/{rel}","templated":true}]}}