{"id":5028,"date":"2022-08-24T14:43:20","date_gmt":"2022-08-24T12:43:20","guid":{"rendered":"https:\/\/awards.onecreation.org\/?page_id=5028"},"modified":"2022-08-24T17:02:17","modified_gmt":"2022-08-24T15:02:17","slug":"contact","status":"publish","type":"page","link":"https:\/\/awards.onecreation.org\/fr\/contact\/","title":{"rendered":"Contact"},"content":{"rendered":"<div class=\"gb-container gb-container-2da11e4e alignfull\"><div class=\"gb-inside-container\">\n\n<h1 class=\"gb-headline gb-headline-0d2ef084 gb-headline-text\">Contact<\/h1>\n\n<\/div><\/div>\n\n<div class=\"gb-grid-wrapper gb-grid-wrapper-b122af5f\">\n<div class=\"gb-grid-column gb-grid-column-b6bb9f4f\"><div class=\"gb-container gb-container-b6bb9f4f\"><div class=\"gb-inside-container\">\n\n<p><strong>ONE CREATION<\/strong><\/p>\n\n\n\n<p>5, quai Perdonnet 5<br>CH-1800 VEVEY (Suisse)<\/p>\n\n\n\n<p>info[@]onecreation.org<\/p>\n\n\n\n<p>Tel. +41 (0) 21 925 00 33<\/p>\n\n<\/div><\/div><\/div>\n\n<div class=\"gb-grid-column gb-grid-column-04a75274\"><div class=\"gb-container gb-container-04a75274\"><div class=\"gb-inside-container\">\n<div class=\"frm_forms  with_frm_style frm_style_style-formidable-2\" id=\"frm_form_3_container\" >\n<form enctype=\"multipart\/form-data\" method=\"post\" class=\"frm-show-form  frm_pro_form \" id=\"form_contact-form2\" >\n<div class=\"frm_form_fields \">\n<fieldset>\n<legend class=\"frm_screen_reader\">Contact FR<\/legend>\r\n\r\n<div class=\"frm_fields_container\">\n<input type=\"hidden\" name=\"frm_action\" value=\"create\" \/>\n<input type=\"hidden\" name=\"form_id\" value=\"3\" \/>\n<input type=\"hidden\" name=\"frm_hide_fields_3\" id=\"frm_hide_fields_3\" value=\"\" \/>\n<input type=\"hidden\" name=\"form_key\" value=\"contact-form2\" \/>\n<input type=\"hidden\" name=\"item_meta[0]\" value=\"\" \/>\n<input type=\"hidden\" id=\"frm_submit_entry_3\" name=\"frm_submit_entry_3\" value=\"84e41a2cae\" \/><input type=\"hidden\" name=\"_wp_http_referer\" value=\"\/fr\/wp-json\/wp\/v2\/pages\/5028\" \/><div id=\"frm_field_95_container\" class=\"frm_form_field form-field  frm_required_field frm_top_container frm_first frm_half\">\r\n    <label for=\"field_qh4icy2\" id=\"field_qh4icy2_label\" class=\"frm_primary_label\">Pr\u00e9nom\r\n        <span class=\"frm_required\" aria-hidden=\"true\">*<\/span>\r\n    <\/label>\r\n    <input  type=\"text\" id=\"field_qh4icy2\" name=\"item_meta[95]\" value=\"\"  data-reqmsg=\"Ce champ ne peut pas \u00eatre vide\" aria-required=\"true\" data-invmsg=\"Name est non valide\" aria-invalid=\"false\"   \/>\r\n    \r\n    \r\n<\/div>\n<div id=\"frm_field_96_container\" class=\"frm_form_field form-field  frm_required_field frm_hidden_container frm_half\">\r\n    <label for=\"field_ocfup12\" id=\"field_ocfup12_label\" class=\"frm_primary_label\">Nom\r\n        <span class=\"frm_required\" aria-hidden=\"true\">*<\/span>\r\n    <\/label>\r\n    <input  type=\"text\" id=\"field_ocfup12\" name=\"item_meta[96]\" value=\"\"  data-reqmsg=\"Ce champ ne peut pas \u00eatre vide\" aria-required=\"true\" data-invmsg=\"Last est non valide\" aria-invalid=\"false\"   \/>\r\n    \r\n    \r\n<\/div>\n<div id=\"frm_field_97_container\" class=\"frm_form_field form-field  frm_required_field frm_top_container frm_full\">\r\n    <label for=\"field_29yf4d2\" id=\"field_29yf4d2_label\" class=\"frm_primary_label\">Email\r\n        <span class=\"frm_required\" aria-hidden=\"true\">*<\/span>\r\n    <\/label>\r\n    <input type=\"email\" id=\"field_29yf4d2\" name=\"item_meta[97]\" value=\"\"  data-reqmsg=\"Ce champ ne peut pas \u00eatre vide\" aria-required=\"true\" data-invmsg=\"Please enter a valid email address\" aria-invalid=\"false\"  \/>\r\n    \r\n    \r\n<\/div>\n<div id=\"frm_field_98_container\" class=\"frm_form_field form-field  frm_required_field frm_top_container frm_full\">\r\n    <label for=\"field_e6lis62\" id=\"field_e6lis62_label\" class=\"frm_primary_label\">Sujet\r\n        <span class=\"frm_required\" aria-hidden=\"true\">*<\/span>\r\n    <\/label>\r\n    <input  type=\"text\" id=\"field_e6lis62\" name=\"item_meta[98]\" value=\"\"  data-reqmsg=\"Ce champ ne peut pas \u00eatre vide\" aria-required=\"true\" data-invmsg=\"Subject est non valide\" aria-invalid=\"false\"   \/>\r\n    \r\n    \r\n<\/div>\n<div id=\"frm_field_99_container\" class=\"frm_form_field form-field  frm_required_field frm_top_container frm_full\">\r\n    <label for=\"field_9jv0r12\" id=\"field_9jv0r12_label\" class=\"frm_primary_label\">Message\r\n        <span class=\"frm_required\" aria-hidden=\"true\">*<\/span>\r\n    <\/label>\r\n    <textarea name=\"item_meta[99]\" id=\"field_9jv0r12\" rows=\"5\"  data-reqmsg=\"Ce champ ne peut pas \u00eatre vide\" aria-required=\"true\" data-invmsg=\"Message est non valide\" aria-invalid=\"false\"  ><\/textarea>\r\n    \r\n    \r\n<\/div>\n<div id=\"frm_field_100_container\" class=\"frm_form_field form-field  frm_required_field frm_top_container vertical_radio\">\r\n    <div  id=\"field_n41wy2_label\" class=\"frm_primary_label\">Politique de confidentialit\u00e9\r\n        <span class=\"frm_required\" aria-hidden=\"true\">*<\/span> &#8211; <a href=\"https:\/\/awards.onecreation.org\/privacy-policy\/\" target=\"_blank\">En savoir plus<\/a>\r\n    <\/div>\r\n    <div class=\"frm_opt_container\" aria-labelledby=\"field_n41wy2_label\" role=\"group\">\t\t<div class=\"frm_checkbox\" id=\"frm_checkbox_100-0\">\t\t\t<label  for=\"field_n41wy2-0\">\n\t\t\t<input type=\"checkbox\" name=\"item_meta[100][]\" id=\"field_n41wy2-0\" value=\"J&#039;ai lu et j&#039;accepte la politique de confidentialit\u00e9 de ce site.\"  data-reqmsg=\"Ce champ ne peut pas \u00eatre vide\" data-invmsg=\"Politique de confidentialit\u00e9 est non valide\"   aria-required=\"true\"  \/> J&rsquo;ai lu et j&rsquo;accepte la politique de confidentialit\u00e9 de ce site.<\/label><\/div>\n<\/div>\r\n    \r\n    \r\n<\/div>\n<div id=\"frm_field_101_container\" class=\"frm_form_field form-field  frm_none_container\">\r\n    <label for=\"g-recaptcha-response\" id=\"field_aqsn02_label\" class=\"frm_primary_label\">reCAPTCHA\r\n        <span class=\"frm_required\" aria-hidden=\"true\"><\/span>\r\n    <\/label>\r\n    <div  id=\"field_aqsn02\" class=\"frm-g-recaptcha\" data-sitekey=\"6LeUCMQZAAAAAD650RSQaUFqZxxxsGnP0wY41XoJ\" data-size=\"normal\" data-theme=\"light\"><\/div>\r\n    \r\n    \r\n<\/div>\n\t<input type=\"hidden\" name=\"item_key\" value=\"\" \/>\n\t\t\t<div id=\"frm_field_190_container\">\n\t\t\t<label for=\"field_ywmnf\" >\n\t\t\t\tSi vous \u00eates un humain, ne remplissez pas ce champ.\t\t\t<\/label>\n\t\t\t<input  id=\"field_ywmnf\" type=\"text\" class=\"frm_form_field form-field frm_verify\" name=\"item_meta[190]\" value=\"\"  \/>\n\t\t<\/div>\n\t\t<input name=\"frm_state\" type=\"hidden\" value=\"5EjrLmwNqwGJhU8TmKGfMsCuIrNZg\/DPF7fM9XamGLVkLc\/doTtZWptqmxJk4ejC\" \/><div class=\"frm_submit\">\r\n\r\n<button class=\"frm_button_submit frm_final_submit\" type=\"submit\"   formnovalidate=\"formnovalidate\">Send<\/button>\r\n\r\n<\/div><\/div>\n<\/fieldset>\n<\/div>\n\n<\/form>\n<\/div>\n\n<\/div><\/div><\/div>\n<\/div>\n\n\n<div style=\"height:100px\" aria-hidden=\"true\" class=\"wp-block-spacer\"><\/div>\n","protected":false},"excerpt":{"rendered":"<p>Contact<\/p>\n","protected":false},"author":1,"featured_media":0,"parent":0,"menu_order":4,"comment_status":"closed","ping_status":"closed","template":"","meta":{"inline_featured_image":false,"advgb_blocks_editor_width":"","advgb_blocks_columns_visual_guide":"","footnotes":""},"class_list":["post-5028","page","type-page","status-publish"],"yoast_head":"<!-- This site is optimized with the Yoast SEO plugin v27.3 - https:\/\/yoast.com\/product\/yoast-seo-wordpress\/ -->\n<title>Contact - Awards ONE CREATION<\/title>\n<meta name=\"robots\" content=\"index, follow, max-snippet:-1, max-image-preview:large, max-video-preview:-1\" \/>\n<link rel=\"canonical\" href=\"https:\/\/awards.onecreation.org\/fr\/contact\/\" \/>\n<meta property=\"og:locale\" content=\"fr_FR\" \/>\n<meta property=\"og:type\" content=\"article\" \/>\n<meta property=\"og:title\" content=\"Contact - Awards ONE CREATION\" \/>\n<meta property=\"og:description\" content=\"Contact\" \/>\n<meta property=\"og:url\" content=\"https:\/\/awards.onecreation.org\/fr\/contact\/\" \/>\n<meta property=\"og:site_name\" content=\"Awards ONE CREATION\" \/>\n<meta property=\"article:modified_time\" content=\"2022-08-24T15:02:17+00:00\" \/>\n<meta name=\"twitter:card\" content=\"summary_large_image\" \/>\n<script type=\"application\/ld+json\" class=\"yoast-schema-graph\">{\"@context\":\"https:\\\/\\\/schema.org\",\"@graph\":[{\"@type\":\"WebPage\",\"@id\":\"https:\\\/\\\/awards.onecreation.org\\\/fr\\\/contact\\\/\",\"url\":\"https:\\\/\\\/awards.onecreation.org\\\/fr\\\/contact\\\/\",\"name\":\"Contact - Awards ONE CREATION\",\"isPartOf\":{\"@id\":\"https:\\\/\\\/awards.onecreation.org\\\/#website\"},\"datePublished\":\"2022-08-24T12:43:20+00:00\",\"dateModified\":\"2022-08-24T15:02:17+00:00\",\"breadcrumb\":{\"@id\":\"https:\\\/\\\/awards.onecreation.org\\\/fr\\\/contact\\\/#breadcrumb\"},\"inLanguage\":\"fr-FR\",\"potentialAction\":[{\"@type\":\"ReadAction\",\"target\":[\"https:\\\/\\\/awards.onecreation.org\\\/fr\\\/contact\\\/\"]}]},{\"@type\":\"BreadcrumbList\",\"@id\":\"https:\\\/\\\/awards.onecreation.org\\\/fr\\\/contact\\\/#breadcrumb\",\"itemListElement\":[{\"@type\":\"ListItem\",\"position\":1,\"name\":\"Home\",\"item\":\"https:\\\/\\\/awards.onecreation.org\\\/fr\\\/\"},{\"@type\":\"ListItem\",\"position\":2,\"name\":\"Contact\"}]},{\"@type\":\"WebSite\",\"@id\":\"https:\\\/\\\/awards.onecreation.org\\\/#website\",\"url\":\"https:\\\/\\\/awards.onecreation.org\\\/\",\"name\":\"Awards ONE CREATION\",\"description\":\"Environmental Innovation Awards\",\"publisher\":{\"@id\":\"https:\\\/\\\/awards.onecreation.org\\\/#organization\"},\"potentialAction\":[{\"@type\":\"SearchAction\",\"target\":{\"@type\":\"EntryPoint\",\"urlTemplate\":\"https:\\\/\\\/awards.onecreation.org\\\/?s={search_term_string}\"},\"query-input\":{\"@type\":\"PropertyValueSpecification\",\"valueRequired\":true,\"valueName\":\"search_term_string\"}}],\"inLanguage\":\"fr-FR\"},{\"@type\":\"Organization\",\"@id\":\"https:\\\/\\\/awards.onecreation.org\\\/#organization\",\"name\":\"Awards ONE CREATION\",\"url\":\"https:\\\/\\\/awards.onecreation.org\\\/\",\"logo\":{\"@type\":\"ImageObject\",\"inLanguage\":\"fr-FR\",\"@id\":\"https:\\\/\\\/awards.onecreation.org\\\/#\\\/schema\\\/logo\\\/image\\\/\",\"url\":\"https:\\\/\\\/awards.onecreation.org\\\/wp-content\\\/uploads\\\/2022\\\/06\\\/logo-awards-oc-blancbleu.svg\",\"contentUrl\":\"https:\\\/\\\/awards.onecreation.org\\\/wp-content\\\/uploads\\\/2022\\\/06\\\/logo-awards-oc-blancbleu.svg\",\"caption\":\"Awards ONE CREATION\"},\"image\":{\"@id\":\"https:\\\/\\\/awards.onecreation.org\\\/#\\\/schema\\\/logo\\\/image\\\/\"}}]}<\/script>\n<!-- \/ Yoast SEO plugin. -->","yoast_head_json":{"title":"Contact - Awards ONE CREATION","robots":{"index":"index","follow":"follow","max-snippet":"max-snippet:-1","max-image-preview":"max-image-preview:large","max-video-preview":"max-video-preview:-1"},"canonical":"https:\/\/awards.onecreation.org\/fr\/contact\/","og_locale":"fr_FR","og_type":"article","og_title":"Contact - Awards ONE CREATION","og_description":"Contact","og_url":"https:\/\/awards.onecreation.org\/fr\/contact\/","og_site_name":"Awards ONE CREATION","article_modified_time":"2022-08-24T15:02:17+00:00","twitter_card":"summary_large_image","schema":{"@context":"https:\/\/schema.org","@graph":[{"@type":"WebPage","@id":"https:\/\/awards.onecreation.org\/fr\/contact\/","url":"https:\/\/awards.onecreation.org\/fr\/contact\/","name":"Contact - Awards ONE CREATION","isPartOf":{"@id":"https:\/\/awards.onecreation.org\/#website"},"datePublished":"2022-08-24T12:43:20+00:00","dateModified":"2022-08-24T15:02:17+00:00","breadcrumb":{"@id":"https:\/\/awards.onecreation.org\/fr\/contact\/#breadcrumb"},"inLanguage":"fr-FR","potentialAction":[{"@type":"ReadAction","target":["https:\/\/awards.onecreation.org\/fr\/contact\/"]}]},{"@type":"BreadcrumbList","@id":"https:\/\/awards.onecreation.org\/fr\/contact\/#breadcrumb","itemListElement":[{"@type":"ListItem","position":1,"name":"Home","item":"https:\/\/awards.onecreation.org\/fr\/"},{"@type":"ListItem","position":2,"name":"Contact"}]},{"@type":"WebSite","@id":"https:\/\/awards.onecreation.org\/#website","url":"https:\/\/awards.onecreation.org\/","name":"Awards ONE CREATION","description":"Environmental Innovation Awards","publisher":{"@id":"https:\/\/awards.onecreation.org\/#organization"},"potentialAction":[{"@type":"SearchAction","target":{"@type":"EntryPoint","urlTemplate":"https:\/\/awards.onecreation.org\/?s={search_term_string}"},"query-input":{"@type":"PropertyValueSpecification","valueRequired":true,"valueName":"search_term_string"}}],"inLanguage":"fr-FR"},{"@type":"Organization","@id":"https:\/\/awards.onecreation.org\/#organization","name":"Awards ONE CREATION","url":"https:\/\/awards.onecreation.org\/","logo":{"@type":"ImageObject","inLanguage":"fr-FR","@id":"https:\/\/awards.onecreation.org\/#\/schema\/logo\/image\/","url":"https:\/\/awards.onecreation.org\/wp-content\/uploads\/2022\/06\/logo-awards-oc-blancbleu.svg","contentUrl":"https:\/\/awards.onecreation.org\/wp-content\/uploads\/2022\/06\/logo-awards-oc-blancbleu.svg","caption":"Awards ONE CREATION"},"image":{"@id":"https:\/\/awards.onecreation.org\/#\/schema\/logo\/image\/"}}]}},"coauthors":[],"author_meta":{"author_link":"https:\/\/awards.onecreation.org\/fr\/author\/marie\/","display_name":"marie"},"relative_dates":{"created":"Publi\u00e9 4 ans il y a","modified":"Mis \u00e0 jour 4 ans il y a"},"absolute_dates":{"created":"Publi\u00e9 le 24 ao\u00fbt 2022","modified":"Mise \u00e0 jour le 24 ao\u00fbt 2022"},"absolute_dates_time":{"created":"Publi\u00e9 le 24 ao\u00fbt 2022 14h43","modified":"Mise \u00e0 jour le 24 ao\u00fbt 2022 17h02"},"featured_img_caption":"","featured_img":false,"series_order":"","_links":{"self":[{"href":"https:\/\/awards.onecreation.org\/fr\/wp-json\/wp\/v2\/pages\/5028","targetHints":{"allow":["GET"]}}],"collection":[{"href":"https:\/\/awards.onecreation.org\/fr\/wp-json\/wp\/v2\/pages"}],"about":[{"href":"https:\/\/awards.onecreation.org\/fr\/wp-json\/wp\/v2\/types\/page"}],"author":[{"embeddable":true,"href":"https:\/\/awards.onecreation.org\/fr\/wp-json\/wp\/v2\/users\/1"}],"replies":[{"embeddable":true,"href":"https:\/\/awards.onecreation.org\/fr\/wp-json\/wp\/v2\/comments?post=5028"}],"version-history":[{"count":3,"href":"https:\/\/awards.onecreation.org\/fr\/wp-json\/wp\/v2\/pages\/5028\/revisions"}],"predecessor-version":[{"id":5071,"href":"https:\/\/awards.onecreation.org\/fr\/wp-json\/wp\/v2\/pages\/5028\/revisions\/5071"}],"wp:attachment":[{"href":"https:\/\/awards.onecreation.org\/fr\/wp-json\/wp\/v2\/media?parent=5028"}],"curies":[{"name":"wp","href":"https:\/\/api.w.org\/{rel}","templated":true}]}}