{"id":5024,"date":"2022-05-31T16:28:05","date_gmt":"2022-05-31T14:28:05","guid":{"rendered":"https:\/\/awards.onecreation.org\/apply\/"},"modified":"2024-10-17T18:16:42","modified_gmt":"2024-10-17T16:16:42","slug":"apply","status":"publish","type":"page","link":"https:\/\/awards.onecreation.org\/fr\/apply\/","title":{"rendered":"Inscription"},"content":{"rendered":"<div class=\"gb-container gb-container-586ce23e alignfull\"><div class=\"gb-inside-container\">\n\n<h1 class=\"gb-headline gb-headline-77539685 gb-headline-text\">Inscription<\/h1>\n\n<\/div><\/div>\n\n<div class=\"gb-grid-wrapper gb-grid-wrapper-b122af5f\">\n<div class=\"gb-grid-column gb-grid-column-b6bb9f4f\"><div class=\"gb-container gb-container-b6bb9f4f\"><div class=\"gb-inside-container\">\n\n<p>Pour participer au Prix de l&rsquo;innovation environnementale, veuillez soumettre votre candidature via le formulaire en ligne en r\u00e9pondant soigneusement \u00e0 chaque question. Nous vous serions \u00e9galement reconnaissants de t\u00e9l\u00e9charger une courte vid\u00e9o de pr\u00e9sentation de votre entreprise d&rsquo;une dur\u00e9e maximale de 2 minutes. Cela permettra \u00e0 votre candidature d&rsquo;avoir les meilleures chances d&rsquo;\u00eatre s\u00e9lectionn\u00e9e.&nbsp;<\/p>\n\n\n\n<p>La date limite de soumission des candidatures est le 16&nbsp;octobre 2024.&nbsp;&nbsp;<\/p>\n\n<\/div><\/div><\/div>\n\n<div class=\"gb-grid-column gb-grid-column-04a75274\"><div class=\"gb-container gb-container-04a75274\"><div class=\"gb-inside-container\">\n\n<p class=\"has-text-align-center\"><strong>Les inscriptions sont termin\u00e9es<\/strong><\/p>\n\n<\/div><\/div><\/div>\n<\/div>\n\n\n<div style=\"height:100px\" aria-hidden=\"true\" class=\"wp-block-spacer\"><\/div>\n","protected":false},"excerpt":{"rendered":"<p>Inscription<\/p>\n","protected":false},"author":1,"featured_media":0,"parent":0,"menu_order":4,"comment_status":"closed","ping_status":"closed","template":"","meta":{"inline_featured_image":false,"advgb_blocks_editor_width":"","advgb_blocks_columns_visual_guide":"","footnotes":""},"class_list":["post-5024","page","type-page","status-publish"],"yoast_head":"<!-- This site is optimized with the Yoast SEO plugin v27.3 - https:\/\/yoast.com\/product\/yoast-seo-wordpress\/ -->\n<title>Inscription - Awards ONE CREATION<\/title>\n<meta name=\"robots\" content=\"index, follow, max-snippet:-1, max-image-preview:large, max-video-preview:-1\" \/>\n<link rel=\"canonical\" href=\"https:\/\/awards.onecreation.org\/fr\/apply\/\" \/>\n<meta property=\"og:locale\" content=\"fr_FR\" \/>\n<meta property=\"og:type\" content=\"article\" \/>\n<meta property=\"og:title\" content=\"Inscription - Awards ONE CREATION\" \/>\n<meta property=\"og:description\" content=\"Inscription\" \/>\n<meta property=\"og:url\" content=\"https:\/\/awards.onecreation.org\/fr\/apply\/\" \/>\n<meta property=\"og:site_name\" content=\"Awards ONE CREATION\" \/>\n<meta property=\"article:modified_time\" content=\"2024-10-17T16:16:42+00:00\" \/>\n<meta name=\"twitter:card\" content=\"summary_large_image\" \/>\n<meta name=\"twitter:label1\" content=\"Dur\u00e9e de lecture estim\u00e9e\" \/>\n\t<meta name=\"twitter:data1\" content=\"1 minute\" \/>\n<script type=\"application\/ld+json\" class=\"yoast-schema-graph\">{\"@context\":\"https:\\\/\\\/schema.org\",\"@graph\":[{\"@type\":\"WebPage\",\"@id\":\"https:\\\/\\\/awards.onecreation.org\\\/fr\\\/apply\\\/\",\"url\":\"https:\\\/\\\/awards.onecreation.org\\\/fr\\\/apply\\\/\",\"name\":\"Inscription - Awards ONE CREATION\",\"isPartOf\":{\"@id\":\"https:\\\/\\\/awards.onecreation.org\\\/#website\"},\"datePublished\":\"2022-05-31T14:28:05+00:00\",\"dateModified\":\"2024-10-17T16:16:42+00:00\",\"breadcrumb\":{\"@id\":\"https:\\\/\\\/awards.onecreation.org\\\/fr\\\/apply\\\/#breadcrumb\"},\"inLanguage\":\"fr-FR\",\"potentialAction\":[{\"@type\":\"ReadAction\",\"target\":[\"https:\\\/\\\/awards.onecreation.org\\\/fr\\\/apply\\\/\"]}]},{\"@type\":\"BreadcrumbList\",\"@id\":\"https:\\\/\\\/awards.onecreation.org\\\/fr\\\/apply\\\/#breadcrumb\",\"itemListElement\":[{\"@type\":\"ListItem\",\"position\":1,\"name\":\"Home\",\"item\":\"https:\\\/\\\/awards.onecreation.org\\\/fr\\\/\"},{\"@type\":\"ListItem\",\"position\":2,\"name\":\"Inscription\"}]},{\"@type\":\"WebSite\",\"@id\":\"https:\\\/\\\/awards.onecreation.org\\\/#website\",\"url\":\"https:\\\/\\\/awards.onecreation.org\\\/\",\"name\":\"Awards ONE CREATION\",\"description\":\"Environmental Innovation Awards\",\"publisher\":{\"@id\":\"https:\\\/\\\/awards.onecreation.org\\\/#organization\"},\"potentialAction\":[{\"@type\":\"SearchAction\",\"target\":{\"@type\":\"EntryPoint\",\"urlTemplate\":\"https:\\\/\\\/awards.onecreation.org\\\/?s={search_term_string}\"},\"query-input\":{\"@type\":\"PropertyValueSpecification\",\"valueRequired\":true,\"valueName\":\"search_term_string\"}}],\"inLanguage\":\"fr-FR\"},{\"@type\":\"Organization\",\"@id\":\"https:\\\/\\\/awards.onecreation.org\\\/#organization\",\"name\":\"Awards ONE CREATION\",\"url\":\"https:\\\/\\\/awards.onecreation.org\\\/\",\"logo\":{\"@type\":\"ImageObject\",\"inLanguage\":\"fr-FR\",\"@id\":\"https:\\\/\\\/awards.onecreation.org\\\/#\\\/schema\\\/logo\\\/image\\\/\",\"url\":\"https:\\\/\\\/awards.onecreation.org\\\/wp-content\\\/uploads\\\/2022\\\/06\\\/logo-awards-oc-blancbleu.svg\",\"contentUrl\":\"https:\\\/\\\/awards.onecreation.org\\\/wp-content\\\/uploads\\\/2022\\\/06\\\/logo-awards-oc-blancbleu.svg\",\"caption\":\"Awards ONE CREATION\"},\"image\":{\"@id\":\"https:\\\/\\\/awards.onecreation.org\\\/#\\\/schema\\\/logo\\\/image\\\/\"}}]}<\/script>\n<!-- \/ Yoast SEO plugin. -->","yoast_head_json":{"title":"Inscription - Awards ONE CREATION","robots":{"index":"index","follow":"follow","max-snippet":"max-snippet:-1","max-image-preview":"max-image-preview:large","max-video-preview":"max-video-preview:-1"},"canonical":"https:\/\/awards.onecreation.org\/fr\/apply\/","og_locale":"fr_FR","og_type":"article","og_title":"Inscription - Awards ONE CREATION","og_description":"Inscription","og_url":"https:\/\/awards.onecreation.org\/fr\/apply\/","og_site_name":"Awards ONE CREATION","article_modified_time":"2024-10-17T16:16:42+00:00","twitter_card":"summary_large_image","twitter_misc":{"Dur\u00e9e de lecture estim\u00e9e":"1 minute"},"schema":{"@context":"https:\/\/schema.org","@graph":[{"@type":"WebPage","@id":"https:\/\/awards.onecreation.org\/fr\/apply\/","url":"https:\/\/awards.onecreation.org\/fr\/apply\/","name":"Inscription - Awards ONE CREATION","isPartOf":{"@id":"https:\/\/awards.onecreation.org\/#website"},"datePublished":"2022-05-31T14:28:05+00:00","dateModified":"2024-10-17T16:16:42+00:00","breadcrumb":{"@id":"https:\/\/awards.onecreation.org\/fr\/apply\/#breadcrumb"},"inLanguage":"fr-FR","potentialAction":[{"@type":"ReadAction","target":["https:\/\/awards.onecreation.org\/fr\/apply\/"]}]},{"@type":"BreadcrumbList","@id":"https:\/\/awards.onecreation.org\/fr\/apply\/#breadcrumb","itemListElement":[{"@type":"ListItem","position":1,"name":"Home","item":"https:\/\/awards.onecreation.org\/fr\/"},{"@type":"ListItem","position":2,"name":"Inscription"}]},{"@type":"WebSite","@id":"https:\/\/awards.onecreation.org\/#website","url":"https:\/\/awards.onecreation.org\/","name":"Awards ONE CREATION","description":"Environmental Innovation Awards","publisher":{"@id":"https:\/\/awards.onecreation.org\/#organization"},"potentialAction":[{"@type":"SearchAction","target":{"@type":"EntryPoint","urlTemplate":"https:\/\/awards.onecreation.org\/?s={search_term_string}"},"query-input":{"@type":"PropertyValueSpecification","valueRequired":true,"valueName":"search_term_string"}}],"inLanguage":"fr-FR"},{"@type":"Organization","@id":"https:\/\/awards.onecreation.org\/#organization","name":"Awards ONE CREATION","url":"https:\/\/awards.onecreation.org\/","logo":{"@type":"ImageObject","inLanguage":"fr-FR","@id":"https:\/\/awards.onecreation.org\/#\/schema\/logo\/image\/","url":"https:\/\/awards.onecreation.org\/wp-content\/uploads\/2022\/06\/logo-awards-oc-blancbleu.svg","contentUrl":"https:\/\/awards.onecreation.org\/wp-content\/uploads\/2022\/06\/logo-awards-oc-blancbleu.svg","caption":"Awards ONE CREATION"},"image":{"@id":"https:\/\/awards.onecreation.org\/#\/schema\/logo\/image\/"}}]}},"coauthors":[],"author_meta":{"author_link":"https:\/\/awards.onecreation.org\/fr\/author\/marie\/","display_name":"marie"},"relative_dates":{"created":"Publi\u00e9 4 ans il y a","modified":"Mis \u00e0 jour 1 an il y a"},"absolute_dates":{"created":"Publi\u00e9 le 31 mai 2022","modified":"Mise \u00e0 jour le 17 octobre 2024"},"absolute_dates_time":{"created":"Publi\u00e9 le 31 mai 2022 16h28","modified":"Mise \u00e0 jour le 17 octobre 2024 18h16"},"featured_img_caption":"","featured_img":false,"series_order":"","_links":{"self":[{"href":"https:\/\/awards.onecreation.org\/fr\/wp-json\/wp\/v2\/pages\/5024","targetHints":{"allow":["GET"]}}],"collection":[{"href":"https:\/\/awards.onecreation.org\/fr\/wp-json\/wp\/v2\/pages"}],"about":[{"href":"https:\/\/awards.onecreation.org\/fr\/wp-json\/wp\/v2\/types\/page"}],"author":[{"embeddable":true,"href":"https:\/\/awards.onecreation.org\/fr\/wp-json\/wp\/v2\/users\/1"}],"replies":[{"embeddable":true,"href":"https:\/\/awards.onecreation.org\/fr\/wp-json\/wp\/v2\/comments?post=5024"}],"version-history":[{"count":9,"href":"https:\/\/awards.onecreation.org\/fr\/wp-json\/wp\/v2\/pages\/5024\/revisions"}],"predecessor-version":[{"id":6532,"href":"https:\/\/awards.onecreation.org\/fr\/wp-json\/wp\/v2\/pages\/5024\/revisions\/6532"}],"wp:attachment":[{"href":"https:\/\/awards.onecreation.org\/fr\/wp-json\/wp\/v2\/media?parent=5024"}],"curies":[{"name":"wp","href":"https:\/\/api.w.org\/{rel}","templated":true}]}}