{"id":5019,"date":"2022-05-31T16:26:33","date_gmt":"2022-05-31T14:26:33","guid":{"rendered":"https:\/\/awards.onecreation.org\/awards-team\/"},"modified":"2024-06-11T10:27:28","modified_gmt":"2024-06-11T08:27:28","slug":"awards-team","status":"publish","type":"page","link":"https:\/\/awards.onecreation.org\/fr\/awards-team\/","title":{"rendered":"Awards Team"},"content":{"rendered":"<div class=\"gb-container gb-container-2da11e4e alignfull\"><div class=\"gb-inside-container\">\n\n<h1 class=\"gb-headline gb-headline-0d2ef084 gb-headline-text\">Awards Team<\/h1>\n\n<\/div><\/div>\n\n<div class=\"gb-container gb-container-6e307eb1\"><div class=\"gb-inside-container\">\n\n<p class=\"has-text-align-center\">Les membres de l&rsquo;Awards Team sont des repr\u00e9sentants de la soci\u00e9t\u00e9 de gestion de ONE CREATION, CONINCO, qui sont actuellement charg\u00e9s de la s\u00e9lection et de la gestion du portefeuille d&rsquo;investissements directs de la soci\u00e9t\u00e9. En tant que tels, ils apportent leur expertise et leur exp\u00e9rience dans l&rsquo;\u00e9tape initiale de s\u00e9lection menant \u00e0 la liste des entreprises finalistes qui sera pr\u00e9sent\u00e9e au jury.&nbsp;<\/p>\n\n<\/div><\/div>\n\n<div class=\"gb-container gb-container-da6ef94f gauche equipe\"><div class=\"gb-inside-container\">\n<div class=\"gb-grid-wrapper gb-grid-wrapper-18007b00\">\n<div class=\"gb-grid-column gb-grid-column-8e419ec6\"><div class=\"gb-container gb-container-8e419ec6 oferrari\"><div class=\"gb-inside-container\">\n\n<figure class=\"wp-block-image size-full is-style-default\"><img loading=\"lazy\" decoding=\"async\" width=\"800\" height=\"658\" src=\"https:\/\/awards.onecreation.org\/wp-content\/uploads\/2022\/06\/olivier-ferrari-Onecreation.jpg\" alt=\"\" class=\"wp-image-4618\" srcset=\"https:\/\/awards.onecreation.org\/wp-content\/uploads\/2022\/06\/olivier-ferrari-Onecreation.jpg 800w, https:\/\/awards.onecreation.org\/wp-content\/uploads\/2022\/06\/olivier-ferrari-Onecreation-300x247.jpg 300w, https:\/\/awards.onecreation.org\/wp-content\/uploads\/2022\/06\/olivier-ferrari-Onecreation-768x632.jpg 768w\" sizes=\"auto, (max-width: 800px) 100vw, 800px\" \/><\/figure>\n\n\n\n<h4 class=\"gb-headline gb-headline-5d94b5bf gb-headline-text\">Olivier Ferrari<\/h4>\n\n\n\n<p class=\"has-text-align-center\">Fondateur<\/p>\n\n\n\n<ul class=\"wp-block-social-links aligncenter has-icon-color is-style-logos-only is-horizontal is-content-justification-center is-nowrap is-layout-flex wp-container-core-social-links-is-layout-f937b32f wp-block-social-links-is-layout-flex\"><li style=\"color:var(--global-color-6);\" class=\"wp-social-link wp-social-link-linkedin has-global-color-6-color wp-block-social-link\"><a rel=\"noopener nofollow\" target=\"_blank\" href=\"https:\/\/www.linkedin.com\/in\/olivier-ferrari-\/\" class=\"wp-block-social-link-anchor\"><svg width=\"24\" height=\"24\" viewBox=\"0 0 24 24\" version=\"1.1\" xmlns=\"http:\/\/www.w3.org\/2000\/svg\" aria-hidden=\"true\" focusable=\"false\"><path d=\"M19.7,3H4.3C3.582,3,3,3.582,3,4.3v15.4C3,20.418,3.582,21,4.3,21h15.4c0.718,0,1.3-0.582,1.3-1.3V4.3 C21,3.582,20.418,3,19.7,3z M8.339,18.338H5.667v-8.59h2.672V18.338z M7.004,8.574c-0.857,0-1.549-0.694-1.549-1.548 c0-0.855,0.691-1.548,1.549-1.548c0.854,0,1.547,0.694,1.547,1.548C8.551,7.881,7.858,8.574,7.004,8.574z M18.339,18.338h-2.669 v-4.177c0-0.996-0.017-2.278-1.387-2.278c-1.389,0-1.601,1.086-1.601,2.206v4.249h-2.667v-8.59h2.559v1.174h0.037 c0.356-0.675,1.227-1.387,2.526-1.387c2.703,0,3.203,1.779,3.203,4.092V18.338z\"><\/path><\/svg><span class=\"wp-block-social-link-label screen-reader-text\">LinkedIn<\/span><\/a><\/li><\/ul>\n\n<\/div><\/div><\/div>\n\n<div class=\"gb-grid-column gb-grid-column-143efc0f\"><div class=\"gb-container gb-container-143efc0f smabillard\"><div class=\"gb-inside-container\">\n\n<figure class=\"wp-block-image size-full is-style-default\"><img loading=\"lazy\" decoding=\"async\" width=\"800\" height=\"658\" src=\"https:\/\/awards.onecreation.org\/wp-content\/uploads\/2022\/06\/sabine-Giammaresi-Onecreation.jpg\" alt=\"\" class=\"wp-image-4619\" srcset=\"https:\/\/awards.onecreation.org\/wp-content\/uploads\/2022\/06\/sabine-Giammaresi-Onecreation.jpg 800w, https:\/\/awards.onecreation.org\/wp-content\/uploads\/2022\/06\/sabine-Giammaresi-Onecreation-300x247.jpg 300w, https:\/\/awards.onecreation.org\/wp-content\/uploads\/2022\/06\/sabine-Giammaresi-Onecreation-768x632.jpg 768w\" sizes=\"auto, (max-width: 800px) 100vw, 800px\" \/><\/figure>\n\n\n\n<h4 class=\"gb-headline gb-headline-5a3058ef gb-headline-text\">Sabine Giammarresi-Mabillard<\/h4>\n\n\n\n<p class=\"has-text-align-center\">Co-CEO<\/p>\n\n\n\n<ul class=\"wp-block-social-links aligncenter has-icon-color is-style-logos-only is-horizontal is-content-justification-center is-nowrap is-layout-flex wp-container-core-social-links-is-layout-f937b32f wp-block-social-links-is-layout-flex\"><li style=\"color:var(--global-color-6);\" class=\"wp-social-link wp-social-link-linkedin has-global-color-6-color wp-block-social-link\"><a rel=\"noopener nofollow\" target=\"_blank\" href=\"https:\/\/www.linkedin.com\/in\/sabine-giammarresi-mabillard-60380914\/\" class=\"wp-block-social-link-anchor\"><svg width=\"24\" height=\"24\" viewBox=\"0 0 24 24\" version=\"1.1\" xmlns=\"http:\/\/www.w3.org\/2000\/svg\" aria-hidden=\"true\" focusable=\"false\"><path d=\"M19.7,3H4.3C3.582,3,3,3.582,3,4.3v15.4C3,20.418,3.582,21,4.3,21h15.4c0.718,0,1.3-0.582,1.3-1.3V4.3 C21,3.582,20.418,3,19.7,3z M8.339,18.338H5.667v-8.59h2.672V18.338z M7.004,8.574c-0.857,0-1.549-0.694-1.549-1.548 c0-0.855,0.691-1.548,1.549-1.548c0.854,0,1.547,0.694,1.547,1.548C8.551,7.881,7.858,8.574,7.004,8.574z M18.339,18.338h-2.669 v-4.177c0-0.996-0.017-2.278-1.387-2.278c-1.389,0-1.601,1.086-1.601,2.206v4.249h-2.667v-8.59h2.559v1.174h0.037 c0.356-0.675,1.227-1.387,2.526-1.387c2.703,0,3.203,1.779,3.203,4.092V18.338z\"><\/path><\/svg><span class=\"wp-block-social-link-label screen-reader-text\">LinkedIn<\/span><\/a><\/li><\/ul>\n\n<\/div><\/div><\/div>\n\n<div class=\"gb-grid-column gb-grid-column-9cb77be4\"><div class=\"gb-container gb-container-9cb77be4 smabillard\"><div class=\"gb-inside-container\">\n\n<figure class=\"wp-block-image size-full\" id=\"block-9b8e1136-1e37-4c4e-9a82-11cf827c37c0\"><img loading=\"lazy\" decoding=\"async\" width=\"800\" height=\"658\" src=\"https:\/\/awards.onecreation.org\/wp-content\/uploads\/2022\/06\/elisa-benito-Onecreation.jpg\" alt=\"\" class=\"wp-image-4616\" srcset=\"https:\/\/awards.onecreation.org\/wp-content\/uploads\/2022\/06\/elisa-benito-Onecreation.jpg 800w, https:\/\/awards.onecreation.org\/wp-content\/uploads\/2022\/06\/elisa-benito-Onecreation-300x247.jpg 300w, https:\/\/awards.onecreation.org\/wp-content\/uploads\/2022\/06\/elisa-benito-Onecreation-768x632.jpg 768w\" sizes=\"auto, (max-width: 800px) 100vw, 800px\" \/><\/figure>\n\n\n\n<h4 class=\"gb-headline gb-headline-be68b868 gb-headline-text\">Elisa Benito<\/h4>\n\n\n\n<p class=\"has-text-align-center\" id=\"block-7ba3a2ac-a16c-4dac-9f5e-d37f6b41b642\">Analyste en durabilit\u00e9<\/p>\n\n\n\n<ul class=\"wp-block-social-links aligncenter has-icon-color is-style-logos-only is-horizontal is-content-justification-center is-nowrap is-layout-flex wp-container-core-social-links-is-layout-f937b32f wp-block-social-links-is-layout-flex\"><li style=\"color:var(--global-color-6);\" class=\"wp-social-link wp-social-link-linkedin has-global-color-6-color wp-block-social-link\"><a rel=\"noopener nofollow\" target=\"_blank\" href=\"https:\/\/www.linkedin.com\/in\/elisa-benito-45266064\/\" class=\"wp-block-social-link-anchor\"><svg width=\"24\" height=\"24\" viewBox=\"0 0 24 24\" version=\"1.1\" xmlns=\"http:\/\/www.w3.org\/2000\/svg\" aria-hidden=\"true\" focusable=\"false\"><path d=\"M19.7,3H4.3C3.582,3,3,3.582,3,4.3v15.4C3,20.418,3.582,21,4.3,21h15.4c0.718,0,1.3-0.582,1.3-1.3V4.3 C21,3.582,20.418,3,19.7,3z M8.339,18.338H5.667v-8.59h2.672V18.338z M7.004,8.574c-0.857,0-1.549-0.694-1.549-1.548 c0-0.855,0.691-1.548,1.549-1.548c0.854,0,1.547,0.694,1.547,1.548C8.551,7.881,7.858,8.574,7.004,8.574z M18.339,18.338h-2.669 v-4.177c0-0.996-0.017-2.278-1.387-2.278c-1.389,0-1.601,1.086-1.601,2.206v4.249h-2.667v-8.59h2.559v1.174h0.037 c0.356-0.675,1.227-1.387,2.526-1.387c2.703,0,3.203,1.779,3.203,4.092V18.338z\"><\/path><\/svg><span class=\"wp-block-social-link-label screen-reader-text\">LinkedIn<\/span><\/a><\/li><\/ul>\n\n<\/div><\/div><\/div>\n\n<div class=\"gb-grid-column gb-grid-column-b674e27a\"><div class=\"gb-container gb-container-b674e27a smabillard\"><div class=\"gb-inside-container\">\n\n<figure class=\"wp-block-image size-full\" id=\"block-9b8e1136-1e37-4c4e-9a82-11cf827c37c0\"><img loading=\"lazy\" decoding=\"async\" width=\"800\" height=\"658\" src=\"https:\/\/awards.onecreation.org\/wp-content\/uploads\/2022\/06\/fulvio-maccarone-Onecreation.jpg\" alt=\"\" class=\"wp-image-4617\" srcset=\"https:\/\/awards.onecreation.org\/wp-content\/uploads\/2022\/06\/fulvio-maccarone-Onecreation.jpg 800w, https:\/\/awards.onecreation.org\/wp-content\/uploads\/2022\/06\/fulvio-maccarone-Onecreation-300x247.jpg 300w, https:\/\/awards.onecreation.org\/wp-content\/uploads\/2022\/06\/fulvio-maccarone-Onecreation-768x632.jpg 768w\" sizes=\"auto, (max-width: 800px) 100vw, 800px\" \/><\/figure>\n\n\n\n<h4 class=\"gb-headline gb-headline-41f48717 gb-headline-text\">Fulvio Maccarone<\/h4>\n\n\n\n<p class=\"has-text-align-center\" id=\"block-7ba3a2ac-a16c-4dac-9f5e-d37f6b41b642\">Private Equity Senior Manager<\/p>\n\n\n\n<ul class=\"wp-block-social-links aligncenter has-icon-color is-style-logos-only is-horizontal is-content-justification-center is-nowrap is-layout-flex wp-container-core-social-links-is-layout-f937b32f wp-block-social-links-is-layout-flex\"><li style=\"color:var(--global-color-6);\" class=\"wp-social-link wp-social-link-linkedin has-global-color-6-color wp-block-social-link\"><a rel=\"noopener nofollow\" target=\"_blank\" href=\"https:\/\/www.linkedin.com\/in\/fulvio-maccarone-cfa-99667b\/\" class=\"wp-block-social-link-anchor\"><svg width=\"24\" height=\"24\" viewBox=\"0 0 24 24\" version=\"1.1\" xmlns=\"http:\/\/www.w3.org\/2000\/svg\" aria-hidden=\"true\" focusable=\"false\"><path d=\"M19.7,3H4.3C3.582,3,3,3.582,3,4.3v15.4C3,20.418,3.582,21,4.3,21h15.4c0.718,0,1.3-0.582,1.3-1.3V4.3 C21,3.582,20.418,3,19.7,3z M8.339,18.338H5.667v-8.59h2.672V18.338z M7.004,8.574c-0.857,0-1.549-0.694-1.549-1.548 c0-0.855,0.691-1.548,1.549-1.548c0.854,0,1.547,0.694,1.547,1.548C8.551,7.881,7.858,8.574,7.004,8.574z M18.339,18.338h-2.669 v-4.177c0-0.996-0.017-2.278-1.387-2.278c-1.389,0-1.601,1.086-1.601,2.206v4.249h-2.667v-8.59h2.559v1.174h0.037 c0.356-0.675,1.227-1.387,2.526-1.387c2.703,0,3.203,1.779,3.203,4.092V18.338z\"><\/path><\/svg><span class=\"wp-block-social-link-label screen-reader-text\">LinkedIn<\/span><\/a><\/li><\/ul>\n\n<\/div><\/div><\/div>\n<\/div>\n<\/div><\/div>\n\n\n<div style=\"height:100px\" aria-hidden=\"true\" class=\"wp-block-spacer\"><\/div>\n","protected":false},"excerpt":{"rendered":"<p>Awards Team Les membres de l&rsquo;Awards Team sont des repr\u00e9sentants de la soci\u00e9t\u00e9 de gestion de ONE CREATION, CONINCO, qui sont actuellement charg\u00e9s de la s\u00e9lection et de la gestion du portefeuille d&rsquo;investissements directs de la soci\u00e9t\u00e9. En tant que tels, ils apportent leur expertise et leur exp\u00e9rience dans l&rsquo;\u00e9tape initiale de s\u00e9lection menant \u00e0 &#8230; <a title=\"Awards Team\" class=\"read-more\" href=\"https:\/\/awards.onecreation.org\/fr\/awards-team\/\" aria-label=\"En savoir plus sur Awards Team\">Lire plus<\/a><\/p>\n","protected":false},"author":1,"featured_media":0,"parent":0,"menu_order":3,"comment_status":"closed","ping_status":"closed","template":"","meta":{"inline_featured_image":false,"advgb_blocks_editor_width":"","advgb_blocks_columns_visual_guide":"","footnotes":""},"class_list":["post-5019","page","type-page","status-publish"],"yoast_head":"<!-- This site is optimized with the Yoast SEO plugin v27.3 - https:\/\/yoast.com\/product\/yoast-seo-wordpress\/ -->\n<title>Awards Team - Awards ONE CREATION<\/title>\n<meta name=\"robots\" content=\"index, follow, max-snippet:-1, max-image-preview:large, max-video-preview:-1\" \/>\n<link rel=\"canonical\" href=\"https:\/\/awards.onecreation.org\/fr\/awards-team\/\" \/>\n<meta property=\"og:locale\" content=\"fr_FR\" \/>\n<meta property=\"og:type\" content=\"article\" \/>\n<meta property=\"og:title\" content=\"Awards Team - Awards ONE CREATION\" \/>\n<meta property=\"og:description\" content=\"Awards Team Les membres de l&rsquo;Awards Team sont des repr\u00e9sentants de la soci\u00e9t\u00e9 de gestion de ONE CREATION, CONINCO, qui sont actuellement charg\u00e9s de la s\u00e9lection et de la gestion du portefeuille d&rsquo;investissements directs de la soci\u00e9t\u00e9. En tant que tels, ils apportent leur expertise et leur exp\u00e9rience dans l&rsquo;\u00e9tape initiale de s\u00e9lection menant \u00e0 ... Lire plus\" \/>\n<meta property=\"og:url\" content=\"https:\/\/awards.onecreation.org\/fr\/awards-team\/\" \/>\n<meta property=\"og:site_name\" content=\"Awards ONE CREATION\" \/>\n<meta property=\"article:modified_time\" content=\"2024-06-11T08:27:28+00:00\" \/>\n<meta property=\"og:image\" content=\"https:\/\/awards.onecreation.org\/wp-content\/uploads\/2022\/06\/olivier-ferrari-Onecreation.jpg\" \/>\n<meta name=\"twitter:card\" content=\"summary_large_image\" \/>\n<meta name=\"twitter:label1\" content=\"Dur\u00e9e de lecture estim\u00e9e\" \/>\n\t<meta name=\"twitter:data1\" content=\"2 minutes\" \/>\n<script type=\"application\/ld+json\" class=\"yoast-schema-graph\">{\"@context\":\"https:\\\/\\\/schema.org\",\"@graph\":[{\"@type\":\"WebPage\",\"@id\":\"https:\\\/\\\/awards.onecreation.org\\\/fr\\\/awards-team\\\/\",\"url\":\"https:\\\/\\\/awards.onecreation.org\\\/fr\\\/awards-team\\\/\",\"name\":\"Awards Team - Awards ONE CREATION\",\"isPartOf\":{\"@id\":\"https:\\\/\\\/awards.onecreation.org\\\/#website\"},\"primaryImageOfPage\":{\"@id\":\"https:\\\/\\\/awards.onecreation.org\\\/fr\\\/awards-team\\\/#primaryimage\"},\"image\":{\"@id\":\"https:\\\/\\\/awards.onecreation.org\\\/fr\\\/awards-team\\\/#primaryimage\"},\"thumbnailUrl\":\"https:\\\/\\\/awards.onecreation.org\\\/wp-content\\\/uploads\\\/2022\\\/06\\\/olivier-ferrari-Onecreation.jpg\",\"datePublished\":\"2022-05-31T14:26:33+00:00\",\"dateModified\":\"2024-06-11T08:27:28+00:00\",\"breadcrumb\":{\"@id\":\"https:\\\/\\\/awards.onecreation.org\\\/fr\\\/awards-team\\\/#breadcrumb\"},\"inLanguage\":\"fr-FR\",\"potentialAction\":[{\"@type\":\"ReadAction\",\"target\":[\"https:\\\/\\\/awards.onecreation.org\\\/fr\\\/awards-team\\\/\"]}]},{\"@type\":\"ImageObject\",\"inLanguage\":\"fr-FR\",\"@id\":\"https:\\\/\\\/awards.onecreation.org\\\/fr\\\/awards-team\\\/#primaryimage\",\"url\":\"https:\\\/\\\/awards.onecreation.org\\\/wp-content\\\/uploads\\\/2022\\\/06\\\/olivier-ferrari-Onecreation.jpg\",\"contentUrl\":\"https:\\\/\\\/awards.onecreation.org\\\/wp-content\\\/uploads\\\/2022\\\/06\\\/olivier-ferrari-Onecreation.jpg\"},{\"@type\":\"BreadcrumbList\",\"@id\":\"https:\\\/\\\/awards.onecreation.org\\\/fr\\\/awards-team\\\/#breadcrumb\",\"itemListElement\":[{\"@type\":\"ListItem\",\"position\":1,\"name\":\"Home\",\"item\":\"https:\\\/\\\/awards.onecreation.org\\\/fr\\\/\"},{\"@type\":\"ListItem\",\"position\":2,\"name\":\"Awards Team\"}]},{\"@type\":\"WebSite\",\"@id\":\"https:\\\/\\\/awards.onecreation.org\\\/#website\",\"url\":\"https:\\\/\\\/awards.onecreation.org\\\/\",\"name\":\"Awards ONE CREATION\",\"description\":\"Environmental Innovation Awards\",\"publisher\":{\"@id\":\"https:\\\/\\\/awards.onecreation.org\\\/#organization\"},\"potentialAction\":[{\"@type\":\"SearchAction\",\"target\":{\"@type\":\"EntryPoint\",\"urlTemplate\":\"https:\\\/\\\/awards.onecreation.org\\\/?s={search_term_string}\"},\"query-input\":{\"@type\":\"PropertyValueSpecification\",\"valueRequired\":true,\"valueName\":\"search_term_string\"}}],\"inLanguage\":\"fr-FR\"},{\"@type\":\"Organization\",\"@id\":\"https:\\\/\\\/awards.onecreation.org\\\/#organization\",\"name\":\"Awards ONE CREATION\",\"url\":\"https:\\\/\\\/awards.onecreation.org\\\/\",\"logo\":{\"@type\":\"ImageObject\",\"inLanguage\":\"fr-FR\",\"@id\":\"https:\\\/\\\/awards.onecreation.org\\\/#\\\/schema\\\/logo\\\/image\\\/\",\"url\":\"https:\\\/\\\/awards.onecreation.org\\\/wp-content\\\/uploads\\\/2022\\\/06\\\/logo-awards-oc-blancbleu.svg\",\"contentUrl\":\"https:\\\/\\\/awards.onecreation.org\\\/wp-content\\\/uploads\\\/2022\\\/06\\\/logo-awards-oc-blancbleu.svg\",\"caption\":\"Awards ONE CREATION\"},\"image\":{\"@id\":\"https:\\\/\\\/awards.onecreation.org\\\/#\\\/schema\\\/logo\\\/image\\\/\"}}]}<\/script>\n<!-- \/ Yoast SEO plugin. -->","yoast_head_json":{"title":"Awards Team - Awards ONE CREATION","robots":{"index":"index","follow":"follow","max-snippet":"max-snippet:-1","max-image-preview":"max-image-preview:large","max-video-preview":"max-video-preview:-1"},"canonical":"https:\/\/awards.onecreation.org\/fr\/awards-team\/","og_locale":"fr_FR","og_type":"article","og_title":"Awards Team - Awards ONE CREATION","og_description":"Awards Team Les membres de l&rsquo;Awards Team sont des repr\u00e9sentants de la soci\u00e9t\u00e9 de gestion de ONE CREATION, CONINCO, qui sont actuellement charg\u00e9s de la s\u00e9lection et de la gestion du portefeuille d&rsquo;investissements directs de la soci\u00e9t\u00e9. En tant que tels, ils apportent leur expertise et leur exp\u00e9rience dans l&rsquo;\u00e9tape initiale de s\u00e9lection menant \u00e0 ... Lire plus","og_url":"https:\/\/awards.onecreation.org\/fr\/awards-team\/","og_site_name":"Awards ONE CREATION","article_modified_time":"2024-06-11T08:27:28+00:00","og_image":[{"url":"https:\/\/awards.onecreation.org\/wp-content\/uploads\/2022\/06\/olivier-ferrari-Onecreation.jpg","type":"","width":"","height":""}],"twitter_card":"summary_large_image","twitter_misc":{"Dur\u00e9e de lecture estim\u00e9e":"2 minutes"},"schema":{"@context":"https:\/\/schema.org","@graph":[{"@type":"WebPage","@id":"https:\/\/awards.onecreation.org\/fr\/awards-team\/","url":"https:\/\/awards.onecreation.org\/fr\/awards-team\/","name":"Awards Team - Awards ONE CREATION","isPartOf":{"@id":"https:\/\/awards.onecreation.org\/#website"},"primaryImageOfPage":{"@id":"https:\/\/awards.onecreation.org\/fr\/awards-team\/#primaryimage"},"image":{"@id":"https:\/\/awards.onecreation.org\/fr\/awards-team\/#primaryimage"},"thumbnailUrl":"https:\/\/awards.onecreation.org\/wp-content\/uploads\/2022\/06\/olivier-ferrari-Onecreation.jpg","datePublished":"2022-05-31T14:26:33+00:00","dateModified":"2024-06-11T08:27:28+00:00","breadcrumb":{"@id":"https:\/\/awards.onecreation.org\/fr\/awards-team\/#breadcrumb"},"inLanguage":"fr-FR","potentialAction":[{"@type":"ReadAction","target":["https:\/\/awards.onecreation.org\/fr\/awards-team\/"]}]},{"@type":"ImageObject","inLanguage":"fr-FR","@id":"https:\/\/awards.onecreation.org\/fr\/awards-team\/#primaryimage","url":"https:\/\/awards.onecreation.org\/wp-content\/uploads\/2022\/06\/olivier-ferrari-Onecreation.jpg","contentUrl":"https:\/\/awards.onecreation.org\/wp-content\/uploads\/2022\/06\/olivier-ferrari-Onecreation.jpg"},{"@type":"BreadcrumbList","@id":"https:\/\/awards.onecreation.org\/fr\/awards-team\/#breadcrumb","itemListElement":[{"@type":"ListItem","position":1,"name":"Home","item":"https:\/\/awards.onecreation.org\/fr\/"},{"@type":"ListItem","position":2,"name":"Awards Team"}]},{"@type":"WebSite","@id":"https:\/\/awards.onecreation.org\/#website","url":"https:\/\/awards.onecreation.org\/","name":"Awards ONE CREATION","description":"Environmental Innovation Awards","publisher":{"@id":"https:\/\/awards.onecreation.org\/#organization"},"potentialAction":[{"@type":"SearchAction","target":{"@type":"EntryPoint","urlTemplate":"https:\/\/awards.onecreation.org\/?s={search_term_string}"},"query-input":{"@type":"PropertyValueSpecification","valueRequired":true,"valueName":"search_term_string"}}],"inLanguage":"fr-FR"},{"@type":"Organization","@id":"https:\/\/awards.onecreation.org\/#organization","name":"Awards ONE CREATION","url":"https:\/\/awards.onecreation.org\/","logo":{"@type":"ImageObject","inLanguage":"fr-FR","@id":"https:\/\/awards.onecreation.org\/#\/schema\/logo\/image\/","url":"https:\/\/awards.onecreation.org\/wp-content\/uploads\/2022\/06\/logo-awards-oc-blancbleu.svg","contentUrl":"https:\/\/awards.onecreation.org\/wp-content\/uploads\/2022\/06\/logo-awards-oc-blancbleu.svg","caption":"Awards ONE CREATION"},"image":{"@id":"https:\/\/awards.onecreation.org\/#\/schema\/logo\/image\/"}}]}},"coauthors":[],"author_meta":{"author_link":"https:\/\/awards.onecreation.org\/fr\/author\/marie\/","display_name":"marie"},"relative_dates":{"created":"Publi\u00e9 4 ans il y a","modified":"Mis \u00e0 jour 2 ans il y a"},"absolute_dates":{"created":"Publi\u00e9 le 31 mai 2022","modified":"Mise \u00e0 jour le 11 juin 2024"},"absolute_dates_time":{"created":"Publi\u00e9 le 31 mai 2022 16h26","modified":"Mise \u00e0 jour le 11 juin 2024 10h27"},"featured_img_caption":"","featured_img":false,"series_order":"","_links":{"self":[{"href":"https:\/\/awards.onecreation.org\/fr\/wp-json\/wp\/v2\/pages\/5019","targetHints":{"allow":["GET"]}}],"collection":[{"href":"https:\/\/awards.onecreation.org\/fr\/wp-json\/wp\/v2\/pages"}],"about":[{"href":"https:\/\/awards.onecreation.org\/fr\/wp-json\/wp\/v2\/types\/page"}],"author":[{"embeddable":true,"href":"https:\/\/awards.onecreation.org\/fr\/wp-json\/wp\/v2\/users\/1"}],"replies":[{"embeddable":true,"href":"https:\/\/awards.onecreation.org\/fr\/wp-json\/wp\/v2\/comments?post=5019"}],"version-history":[{"count":3,"href":"https:\/\/awards.onecreation.org\/fr\/wp-json\/wp\/v2\/pages\/5019\/revisions"}],"predecessor-version":[{"id":6086,"href":"https:\/\/awards.onecreation.org\/fr\/wp-json\/wp\/v2\/pages\/5019\/revisions\/6086"}],"wp:attachment":[{"href":"https:\/\/awards.onecreation.org\/fr\/wp-json\/wp\/v2\/media?parent=5019"}],"curies":[{"name":"wp","href":"https:\/\/api.w.org\/{rel}","templated":true}]}}