{"id":5011,"date":"2022-05-17T14:13:53","date_gmt":"2022-05-17T12:13:53","guid":{"rendered":"https:\/\/awards.onecreation.org\/the-journey\/"},"modified":"2024-06-11T10:08:53","modified_gmt":"2024-06-11T08:08:53","slug":"the-journey","status":"publish","type":"page","link":"https:\/\/awards.onecreation.org\/fr\/the-journey\/","title":{"rendered":"Le parcours"},"content":{"rendered":"<div class=\"gb-container gb-container-2da11e4e alignfull\"><div class=\"gb-inside-container\">\n\n<h1 class=\"gb-headline gb-headline-0d2ef084 gb-headline-text\">Le parcours<\/h1>\n\n<\/div><\/div>\n\n<div class=\"gb-container gb-container-87738e22\"><div class=\"gb-inside-container\">\n<div class=\"gb-grid-wrapper gb-grid-wrapper-48e6d701\">\n<div class=\"gb-grid-column gb-grid-column-54688a29\"><div class=\"gb-container gb-container-54688a29\" data-sal=\"slide-right\" data-sal-easing=\"easeInOutSine\" data-sal-duration=\"400\" data-sal-delay=\"100\"><div class=\"gb-inside-container\">\n\n<figure class=\"wp-block-image size-large\"><a href=\"https:\/\/awards.onecreation.org\/fr\/apply\/\"><img decoding=\"async\" src=\"https:\/\/awards.onecreation.org\/wp-content\/uploads\/2022\/08\/inscription-1.svg\" alt=\"\" class=\"wp-image-5013\"\/><\/a><\/figure>\n\n<\/div><\/div><\/div>\n\n<div class=\"gb-grid-column gb-grid-column-e95e0a90\"><div class=\"gb-container gb-container-e95e0a90\" data-sal=\"slide-left\" data-sal-easing=\"easeInOutSine\" data-sal-duration=\"600\" data-sal-delay=\"200\"><div class=\"gb-inside-container\">\n\n<h3 class=\"gb-headline gb-headline-00236338 gb-headline-text\">Premi\u00e8re \u00e9tape<\/h3>\n\n\n\n<p class=\"gb-headline gb-headline-b1808617\"><span class=\"gb-icon\"><svg aria-hidden=\"true\" role=\"img\" height=\"1em\" width=\"1em\" viewBox=\"0 0 512 512\" xmlns=\"http:\/\/www.w3.org\/2000\/svg\"><path fill=\"currentColor\" d=\"M173.898 439.404l-166.4-166.4c-9.997-9.997-9.997-26.206 0-36.204l36.203-36.204c9.997-9.998 26.207-9.998 36.204 0L192 312.69 432.095 72.596c9.997-9.997 26.207-9.997 36.204 0l36.203 36.204c9.997 9.997 9.997 26.206 0 36.204l-294.4 294.401c-9.998 9.997-26.207 9.997-36.204-.001z\"><\/path><\/svg><\/span><span class=\"gb-headline-text\">Les candidats soumettent leurs dossiers en ligne via <a href=\"https:\/\/awards.onecreation.org\/fr\/apply\/\">notre page web d\u00e9di\u00e9e.<\/a><\/span><\/p>\n\n\n\n<p class=\"gb-headline gb-headline-0ee81f47\"><span class=\"gb-icon\"><svg aria-hidden=\"true\" role=\"img\" height=\"1em\" width=\"1em\" viewBox=\"0 0 512 512\" xmlns=\"http:\/\/www.w3.org\/2000\/svg\"><path fill=\"currentColor\" d=\"M173.898 439.404l-166.4-166.4c-9.997-9.997-9.997-26.206 0-36.204l36.203-36.204c9.997-9.998 26.207-9.998 36.204 0L192 312.69 432.095 72.596c9.997-9.997 26.207-9.997 36.204 0l36.203 36.204c9.997 9.997 9.997 26.206 0 36.204l-294.4 294.401c-9.998 9.997-26.207 9.997-36.204-.001z\"><\/path><\/svg><\/span><span class=\"gb-headline-text\">Une courte vid\u00e9o d&rsquo;introduction de 2 minutes doit \u00eatre t\u00e9l\u00e9charg\u00e9e.<\/span><\/p>\n\n<\/div><\/div><\/div>\n\n<div class=\"gb-grid-column gb-grid-column-a82c43ed\"><div class=\"gb-container gb-container-a82c43ed\" data-sal=\"slide-right\" data-sal-easing=\"easeInOutSine\" data-sal-duration=\"400\" data-sal-delay=\"300\"><div class=\"gb-inside-container\">\n\n<figure class=\"wp-block-image size-large is-resized\"><img decoding=\"async\" src=\"https:\/\/awards.onecreation.org\/wp-content\/uploads\/2022\/06\/finalist.svg\" alt=\"\" class=\"wp-image-4654\" style=\"width:200px\"\/><\/figure>\n\n<\/div><\/div><\/div>\n\n<div class=\"gb-grid-column gb-grid-column-c024c42b\"><div class=\"gb-container gb-container-c024c42b\" data-sal=\"slide-left\" data-sal-easing=\"easeInOutSine\" data-sal-duration=\"600\" data-sal-delay=\"400\"><div class=\"gb-inside-container\">\n\n<h3 class=\"gb-headline gb-headline-c64fb292 gb-headline-text\">Deuxi\u00e8me \u00e9tape<\/h3>\n\n\n\n<p class=\"gb-headline gb-headline-62ce911b\"><span class=\"gb-icon\"><svg aria-hidden=\"true\" role=\"img\" height=\"1em\" width=\"1em\" viewBox=\"0 0 512 512\" xmlns=\"http:\/\/www.w3.org\/2000\/svg\"><path fill=\"currentColor\" d=\"M173.898 439.404l-166.4-166.4c-9.997-9.997-9.997-26.206 0-36.204l36.203-36.204c9.997-9.998 26.207-9.998 36.204 0L192 312.69 432.095 72.596c9.997-9.997 26.207-9.997 36.204 0l36.203 36.204c9.997 9.997 9.997 26.206 0 36.204l-294.4 294.401c-9.998 9.997-26.207 9.997-36.204-.001z\"><\/path><\/svg><\/span><span class=\"gb-headline-text\">Tous les candidats seront inform\u00e9s avant le 31 octobre 2024 s&rsquo;ils ont \u00e9t\u00e9 s\u00e9lectionn\u00e9s parmi les finalistes.<\/span><\/p>\n\n\n\n<p class=\"gb-headline gb-headline-0a6f8035\"><span class=\"gb-icon\"><svg aria-hidden=\"true\" role=\"img\" height=\"1em\" width=\"1em\" viewBox=\"0 0 512 512\" xmlns=\"http:\/\/www.w3.org\/2000\/svg\"><path fill=\"currentColor\" d=\"M173.898 439.404l-166.4-166.4c-9.997-9.997-9.997-26.206 0-36.204l36.203-36.204c9.997-9.998 26.207-9.998 36.204 0L192 312.69 432.095 72.596c9.997-9.997 26.207-9.997 36.204 0l36.203 36.204c9.997 9.997 9.997 26.206 0 36.204l-294.4 294.401c-9.998 9.997-26.207 9.997-36.204-.001z\"><\/path><\/svg><\/span><span class=\"gb-headline-text\">Les finalistes ont la possibilit\u00e9 de b\u00e9n\u00e9ficier d&rsquo;une session de coaching gratuite avec l&rsquo;\u00e9quipe d&rsquo;investissement de ONE CREATION.<\/span><\/p>\n\n\n\n<p class=\"gb-headline gb-headline-91242e7b\"><span class=\"gb-icon\"><svg aria-hidden=\"true\" role=\"img\" height=\"1em\" width=\"1em\" viewBox=\"0 0 512 512\" xmlns=\"http:\/\/www.w3.org\/2000\/svg\"><path fill=\"currentColor\" d=\"M173.898 439.404l-166.4-166.4c-9.997-9.997-9.997-26.206 0-36.204l36.203-36.204c9.997-9.998 26.207-9.998 36.204 0L192 312.69 432.095 72.596c9.997-9.997 26.207-9.997 36.204 0l36.203 36.204c9.997 9.997 9.997 26.206 0 36.204l-294.4 294.401c-9.998 9.997-26.207 9.997-36.204-.001z\"><\/path><\/svg><\/span><span class=\"gb-headline-text\">Toutes les entreprises finalistes seront pr\u00e9sent\u00e9es au jury qui fera son choix final des trois gagnants.<\/span><\/p>\n\n\n\n<p class=\"gb-headline gb-headline-a4ca56b4\"><span class=\"gb-icon\"><svg aria-hidden=\"true\" role=\"img\" height=\"1em\" width=\"1em\" viewBox=\"0 0 512 512\" xmlns=\"http:\/\/www.w3.org\/2000\/svg\"><path fill=\"currentColor\" d=\"M173.898 439.404l-166.4-166.4c-9.997-9.997-9.997-26.206 0-36.204l36.203-36.204c9.997-9.998 26.207-9.998 36.204 0L192 312.69 432.095 72.596c9.997-9.997 26.207-9.997 36.204 0l36.203 36.204c9.997 9.997 9.997 26.206 0 36.204l-294.4 294.401c-9.998 9.997-26.207 9.997-36.204-.001z\"><\/path><\/svg><\/span><span class=\"gb-headline-text\">Les entreprises gagnantes feront un pitch en direct devant le jury qui d\u00e9cidera du classement final.<\/span><\/p>\n\n<\/div><\/div><\/div>\n\n<div class=\"gb-grid-column gb-grid-column-09df58fd\"><div class=\"gb-container gb-container-09df58fd\" data-sal=\"slide-right\" data-sal-easing=\"easeInOutSine\" data-sal-duration=\"400\" data-sal-delay=\"500\"><div class=\"gb-inside-container\">\n\n<figure class=\"wp-block-image size-large is-resized\"><img decoding=\"async\" src=\"https:\/\/awards.onecreation.org\/wp-content\/uploads\/2022\/06\/Winner.svg\" alt=\"\" class=\"wp-image-4656\" style=\"width:200px\"\/><\/figure>\n\n<\/div><\/div><\/div>\n\n<div class=\"gb-grid-column gb-grid-column-01595c91\"><div class=\"gb-container gb-container-01595c91\" data-sal=\"slide-left\" data-sal-easing=\"easeInOutSine\" data-sal-duration=\"600\" data-sal-delay=\"600\"><div class=\"gb-inside-container\">\n\n<h3 class=\"gb-headline gb-headline-41bd7f55 gb-headline-text\">Troisi\u00e8me \u00e9tape<\/h3>\n\n\n\n<p class=\"gb-headline gb-headline-9276baaf\"><span class=\"gb-icon\"><svg aria-hidden=\"true\" role=\"img\" height=\"1em\" width=\"1em\" viewBox=\"0 0 512 512\" xmlns=\"http:\/\/www.w3.org\/2000\/svg\"><path fill=\"currentColor\" d=\"M173.898 439.404l-166.4-166.4c-9.997-9.997-9.997-26.206 0-36.204l36.203-36.204c9.997-9.998 26.207-9.998 36.204 0L192 312.69 432.095 72.596c9.997-9.997 26.207-9.997 36.204 0l36.203 36.204c9.997 9.997 9.997 26.206 0 36.204l-294.4 294.401c-9.998 9.997-26.207 9.997-36.204-.001z\"><\/path><\/svg><\/span><span class=\"gb-headline-text\">Les entreprises gagnantes seront invit\u00e9es \u00e0 l&rsquo;\u00e9v\u00e9nement <a href=\"https:\/\/www.buildingbridges.org\/\" target=\"_blank\" rel=\"noreferrer noopener\">Building Bridges<\/a> \u00e0 Gen\u00e8ve (Suisse), du 9 au 12 d\u00e9cembre 2024, pour se pr\u00e9senter et recevoir leurs prix sur sc\u00e8ne.\u00a0<\/span><\/p>\n\n<\/div><\/div><\/div>\n\n<div class=\"gb-grid-column gb-grid-column-96e38532\"><div class=\"gb-container gb-container-96e38532\" data-sal=\"slide-right\" data-sal-easing=\"easeInOutSine\" data-sal-duration=\"400\" data-sal-delay=\"700\"><div class=\"gb-inside-container\">\n\n<figure class=\"wp-block-image size-large is-resized\"><img decoding=\"async\" src=\"https:\/\/awards.onecreation.org\/wp-content\/uploads\/2022\/06\/Alumni.svg\" alt=\"\" class=\"wp-image-4657\" style=\"width:200px\"\/><\/figure>\n\n<\/div><\/div><\/div>\n\n<div class=\"gb-grid-column gb-grid-column-9716f53e\"><div class=\"gb-container gb-container-9716f53e\" data-sal=\"slide-left\" data-sal-easing=\"easeInOutSine\" data-sal-duration=\"600\" data-sal-delay=\"800\"><div class=\"gb-inside-container\">\n\n<h3 class=\"gb-headline gb-headline-7ad2c413 gb-headline-text\">Quatri\u00e8me \u00e9tape<\/h3>\n\n\n\n<p class=\"gb-headline gb-headline-7ed4b6f2\"><span class=\"gb-icon\"><svg aria-hidden=\"true\" role=\"img\" height=\"1em\" width=\"1em\" viewBox=\"0 0 512 512\" xmlns=\"http:\/\/www.w3.org\/2000\/svg\"><path fill=\"currentColor\" d=\"M173.898 439.404l-166.4-166.4c-9.997-9.997-9.997-26.206 0-36.204l36.203-36.204c9.997-9.998 26.207-9.998 36.204 0L192 312.69 432.095 72.596c9.997-9.997 26.207-9.997 36.204 0l36.203 36.204c9.997 9.997 9.997 26.206 0 36.204l-294.4 294.401c-9.998 9.997-26.207 9.997-36.204-.001z\"><\/path><\/svg><\/span><span class=\"gb-headline-text\">Toutes les entreprises finalistes rejoindront <a href=\"https:\/\/awardscommunity.onecreation.org\/\" target=\"_blank\" rel=\"noreferrer noopener\">la communaut\u00e9 des anciens laur\u00e9ats<\/a> du prix de l&rsquo;environnement et b\u00e9n\u00e9ficieront des initiatives de ONE CREATION au sein de son \u00e9cosyst\u00e8me d&rsquo;investisseurs.&nbsp;<\/span><\/p>\n\n<\/div><\/div><\/div>\n<\/div>\n<\/div><\/div>","protected":false},"excerpt":{"rendered":"<p>Le parcours<\/p>\n","protected":false},"author":1,"featured_media":0,"parent":0,"menu_order":2,"comment_status":"closed","ping_status":"closed","template":"","meta":{"inline_featured_image":false,"advgb_blocks_editor_width":"","advgb_blocks_columns_visual_guide":"","footnotes":""},"class_list":["post-5011","page","type-page","status-publish"],"yoast_head":"<!-- This site is optimized with the Yoast SEO plugin v27.3 - https:\/\/yoast.com\/product\/yoast-seo-wordpress\/ -->\n<title>Le parcours - Awards ONE CREATION<\/title>\n<meta name=\"robots\" content=\"index, follow, max-snippet:-1, max-image-preview:large, max-video-preview:-1\" \/>\n<link rel=\"canonical\" href=\"https:\/\/awards.onecreation.org\/fr\/the-journey\/\" \/>\n<meta property=\"og:locale\" content=\"fr_FR\" \/>\n<meta property=\"og:type\" content=\"article\" \/>\n<meta property=\"og:title\" content=\"Le parcours - Awards ONE CREATION\" \/>\n<meta property=\"og:description\" content=\"Le parcours\" \/>\n<meta property=\"og:url\" content=\"https:\/\/awards.onecreation.org\/fr\/the-journey\/\" \/>\n<meta property=\"og:site_name\" content=\"Awards ONE CREATION\" \/>\n<meta property=\"article:modified_time\" content=\"2024-06-11T08:08:53+00:00\" \/>\n<meta property=\"og:image\" content=\"https:\/\/awards.onecreation.org\/wp-content\/uploads\/2022\/08\/inscription-1.svg\" \/>\n<meta name=\"twitter:card\" content=\"summary_large_image\" \/>\n<meta name=\"twitter:label1\" content=\"Dur\u00e9e de lecture estim\u00e9e\" \/>\n\t<meta name=\"twitter:data1\" content=\"2 minutes\" \/>\n<script type=\"application\/ld+json\" class=\"yoast-schema-graph\">{\"@context\":\"https:\\\/\\\/schema.org\",\"@graph\":[{\"@type\":\"WebPage\",\"@id\":\"https:\\\/\\\/awards.onecreation.org\\\/fr\\\/the-journey\\\/\",\"url\":\"https:\\\/\\\/awards.onecreation.org\\\/fr\\\/the-journey\\\/\",\"name\":\"Le parcours - Awards ONE CREATION\",\"isPartOf\":{\"@id\":\"https:\\\/\\\/awards.onecreation.org\\\/#website\"},\"primaryImageOfPage\":{\"@id\":\"https:\\\/\\\/awards.onecreation.org\\\/fr\\\/the-journey\\\/#primaryimage\"},\"image\":{\"@id\":\"https:\\\/\\\/awards.onecreation.org\\\/fr\\\/the-journey\\\/#primaryimage\"},\"thumbnailUrl\":\"https:\\\/\\\/awards.onecreation.org\\\/wp-content\\\/uploads\\\/2022\\\/08\\\/inscription-1.svg\",\"datePublished\":\"2022-05-17T12:13:53+00:00\",\"dateModified\":\"2024-06-11T08:08:53+00:00\",\"breadcrumb\":{\"@id\":\"https:\\\/\\\/awards.onecreation.org\\\/fr\\\/the-journey\\\/#breadcrumb\"},\"inLanguage\":\"fr-FR\",\"potentialAction\":[{\"@type\":\"ReadAction\",\"target\":[\"https:\\\/\\\/awards.onecreation.org\\\/fr\\\/the-journey\\\/\"]}]},{\"@type\":\"ImageObject\",\"inLanguage\":\"fr-FR\",\"@id\":\"https:\\\/\\\/awards.onecreation.org\\\/fr\\\/the-journey\\\/#primaryimage\",\"url\":\"https:\\\/\\\/awards.onecreation.org\\\/wp-content\\\/uploads\\\/2022\\\/08\\\/inscription-1.svg\",\"contentUrl\":\"https:\\\/\\\/awards.onecreation.org\\\/wp-content\\\/uploads\\\/2022\\\/08\\\/inscription-1.svg\"},{\"@type\":\"BreadcrumbList\",\"@id\":\"https:\\\/\\\/awards.onecreation.org\\\/fr\\\/the-journey\\\/#breadcrumb\",\"itemListElement\":[{\"@type\":\"ListItem\",\"position\":1,\"name\":\"Home\",\"item\":\"https:\\\/\\\/awards.onecreation.org\\\/fr\\\/\"},{\"@type\":\"ListItem\",\"position\":2,\"name\":\"Le parcours\"}]},{\"@type\":\"WebSite\",\"@id\":\"https:\\\/\\\/awards.onecreation.org\\\/#website\",\"url\":\"https:\\\/\\\/awards.onecreation.org\\\/\",\"name\":\"Awards ONE CREATION\",\"description\":\"Environmental Innovation Awards\",\"publisher\":{\"@id\":\"https:\\\/\\\/awards.onecreation.org\\\/#organization\"},\"potentialAction\":[{\"@type\":\"SearchAction\",\"target\":{\"@type\":\"EntryPoint\",\"urlTemplate\":\"https:\\\/\\\/awards.onecreation.org\\\/?s={search_term_string}\"},\"query-input\":{\"@type\":\"PropertyValueSpecification\",\"valueRequired\":true,\"valueName\":\"search_term_string\"}}],\"inLanguage\":\"fr-FR\"},{\"@type\":\"Organization\",\"@id\":\"https:\\\/\\\/awards.onecreation.org\\\/#organization\",\"name\":\"Awards ONE CREATION\",\"url\":\"https:\\\/\\\/awards.onecreation.org\\\/\",\"logo\":{\"@type\":\"ImageObject\",\"inLanguage\":\"fr-FR\",\"@id\":\"https:\\\/\\\/awards.onecreation.org\\\/#\\\/schema\\\/logo\\\/image\\\/\",\"url\":\"https:\\\/\\\/awards.onecreation.org\\\/wp-content\\\/uploads\\\/2022\\\/06\\\/logo-awards-oc-blancbleu.svg\",\"contentUrl\":\"https:\\\/\\\/awards.onecreation.org\\\/wp-content\\\/uploads\\\/2022\\\/06\\\/logo-awards-oc-blancbleu.svg\",\"caption\":\"Awards ONE CREATION\"},\"image\":{\"@id\":\"https:\\\/\\\/awards.onecreation.org\\\/#\\\/schema\\\/logo\\\/image\\\/\"}}]}<\/script>\n<!-- \/ Yoast SEO plugin. -->","yoast_head_json":{"title":"Le parcours - Awards ONE CREATION","robots":{"index":"index","follow":"follow","max-snippet":"max-snippet:-1","max-image-preview":"max-image-preview:large","max-video-preview":"max-video-preview:-1"},"canonical":"https:\/\/awards.onecreation.org\/fr\/the-journey\/","og_locale":"fr_FR","og_type":"article","og_title":"Le parcours - Awards ONE CREATION","og_description":"Le parcours","og_url":"https:\/\/awards.onecreation.org\/fr\/the-journey\/","og_site_name":"Awards ONE CREATION","article_modified_time":"2024-06-11T08:08:53+00:00","og_image":[{"url":"https:\/\/awards.onecreation.org\/wp-content\/uploads\/2022\/08\/inscription-1.svg","type":"","width":"","height":""}],"twitter_card":"summary_large_image","twitter_misc":{"Dur\u00e9e de lecture estim\u00e9e":"2 minutes"},"schema":{"@context":"https:\/\/schema.org","@graph":[{"@type":"WebPage","@id":"https:\/\/awards.onecreation.org\/fr\/the-journey\/","url":"https:\/\/awards.onecreation.org\/fr\/the-journey\/","name":"Le parcours - Awards ONE CREATION","isPartOf":{"@id":"https:\/\/awards.onecreation.org\/#website"},"primaryImageOfPage":{"@id":"https:\/\/awards.onecreation.org\/fr\/the-journey\/#primaryimage"},"image":{"@id":"https:\/\/awards.onecreation.org\/fr\/the-journey\/#primaryimage"},"thumbnailUrl":"https:\/\/awards.onecreation.org\/wp-content\/uploads\/2022\/08\/inscription-1.svg","datePublished":"2022-05-17T12:13:53+00:00","dateModified":"2024-06-11T08:08:53+00:00","breadcrumb":{"@id":"https:\/\/awards.onecreation.org\/fr\/the-journey\/#breadcrumb"},"inLanguage":"fr-FR","potentialAction":[{"@type":"ReadAction","target":["https:\/\/awards.onecreation.org\/fr\/the-journey\/"]}]},{"@type":"ImageObject","inLanguage":"fr-FR","@id":"https:\/\/awards.onecreation.org\/fr\/the-journey\/#primaryimage","url":"https:\/\/awards.onecreation.org\/wp-content\/uploads\/2022\/08\/inscription-1.svg","contentUrl":"https:\/\/awards.onecreation.org\/wp-content\/uploads\/2022\/08\/inscription-1.svg"},{"@type":"BreadcrumbList","@id":"https:\/\/awards.onecreation.org\/fr\/the-journey\/#breadcrumb","itemListElement":[{"@type":"ListItem","position":1,"name":"Home","item":"https:\/\/awards.onecreation.org\/fr\/"},{"@type":"ListItem","position":2,"name":"Le parcours"}]},{"@type":"WebSite","@id":"https:\/\/awards.onecreation.org\/#website","url":"https:\/\/awards.onecreation.org\/","name":"Awards ONE CREATION","description":"Environmental Innovation Awards","publisher":{"@id":"https:\/\/awards.onecreation.org\/#organization"},"potentialAction":[{"@type":"SearchAction","target":{"@type":"EntryPoint","urlTemplate":"https:\/\/awards.onecreation.org\/?s={search_term_string}"},"query-input":{"@type":"PropertyValueSpecification","valueRequired":true,"valueName":"search_term_string"}}],"inLanguage":"fr-FR"},{"@type":"Organization","@id":"https:\/\/awards.onecreation.org\/#organization","name":"Awards ONE CREATION","url":"https:\/\/awards.onecreation.org\/","logo":{"@type":"ImageObject","inLanguage":"fr-FR","@id":"https:\/\/awards.onecreation.org\/#\/schema\/logo\/image\/","url":"https:\/\/awards.onecreation.org\/wp-content\/uploads\/2022\/06\/logo-awards-oc-blancbleu.svg","contentUrl":"https:\/\/awards.onecreation.org\/wp-content\/uploads\/2022\/06\/logo-awards-oc-blancbleu.svg","caption":"Awards ONE CREATION"},"image":{"@id":"https:\/\/awards.onecreation.org\/#\/schema\/logo\/image\/"}}]}},"coauthors":[],"author_meta":{"author_link":"https:\/\/awards.onecreation.org\/fr\/author\/marie\/","display_name":"marie"},"relative_dates":{"created":"Publi\u00e9 4 ans il y a","modified":"Mis \u00e0 jour 2 ans il y a"},"absolute_dates":{"created":"Publi\u00e9 le 17 mai 2022","modified":"Mise \u00e0 jour le 11 juin 2024"},"absolute_dates_time":{"created":"Publi\u00e9 le 17 mai 2022 14h13","modified":"Mise \u00e0 jour le 11 juin 2024 10h08"},"featured_img_caption":"","featured_img":false,"series_order":"","_links":{"self":[{"href":"https:\/\/awards.onecreation.org\/fr\/wp-json\/wp\/v2\/pages\/5011","targetHints":{"allow":["GET"]}}],"collection":[{"href":"https:\/\/awards.onecreation.org\/fr\/wp-json\/wp\/v2\/pages"}],"about":[{"href":"https:\/\/awards.onecreation.org\/fr\/wp-json\/wp\/v2\/types\/page"}],"author":[{"embeddable":true,"href":"https:\/\/awards.onecreation.org\/fr\/wp-json\/wp\/v2\/users\/1"}],"replies":[{"embeddable":true,"href":"https:\/\/awards.onecreation.org\/fr\/wp-json\/wp\/v2\/comments?post=5011"}],"version-history":[{"count":15,"href":"https:\/\/awards.onecreation.org\/fr\/wp-json\/wp\/v2\/pages\/5011\/revisions"}],"predecessor-version":[{"id":6068,"href":"https:\/\/awards.onecreation.org\/fr\/wp-json\/wp\/v2\/pages\/5011\/revisions\/6068"}],"wp:attachment":[{"href":"https:\/\/awards.onecreation.org\/fr\/wp-json\/wp\/v2\/media?parent=5011"}],"curies":[{"name":"wp","href":"https:\/\/api.w.org\/{rel}","templated":true}]}}